{"id":17,"date":"2015-09-02T20:31:03","date_gmt":"2015-09-02T20:31:03","guid":{"rendered":"https:\/\/eloquent-moore.178-21-116-128.plesk.page\/index.php\/g\/"},"modified":"2023-01-17T10:02:31","modified_gmt":"2023-01-17T09:02:31","slug":"g","status":"publish","type":"page","link":"https:\/\/boeiboek.nl\/?page_id=17","title":{"rendered":"G"},"content":{"rendered":"<p>| <a href=\"\/?page_id=17#gasconne\">Gasconne-koeien <\/a>| <a href=\"\/?page_id=17#gebeuren\">gebeuren <\/a>| <a href=\"\/?page_id=17#gebruikmaken\">gebruikmaken <\/a>| <a href=\"\/?page_id=17#geboorte\">geboorte <\/a>| <a href=\"\/?page_id=17#gc\">Gecombineerde opgave <\/a> | <a href=\"\/?page_id=17#gedachte\">gedachte <\/a>| <a href=\"\/?page_id=17#gedachtestreepje\">gedachtestreepje<\/a> | <a href=\"\/?page_id=17#gs\">Gedeputeerde Staten, gedeputeerde staten<\/a>| <a href=\"\/?page_id=17#gefingeerd\">gefingeerde namen<\/a> | <a href=\"\/?page_id=17#gehalte\">-gehalte<\/a> | <a href=\"\/?page_id=17#geheleplantsilage\">Gehele Plant Silage<\/a> | <a href=\"\/?page_id=17#geijkt\">geijkt<\/a> | <a href=\"\/?page_id=17#geldbedragen\">geldbedragen<\/a> | <a href=\"\/?page_id=17#glbeleid\">Gemeenschappelijk Landbouwbeleid<\/a> | <a href=\"\/?page_id=17#gemeente\">gemeente-<\/a> | <a href=\"\/?page_id=17#geneesmiddelen\">geneesmiddelen<\/a> | <a href=\"\/?page_id=17#geografi\">geografische samenstellingen<\/a> |<a href=\"\/?page_id=17#gerechtelijk\">gerechtelijk<\/a> | <a href=\"\/?page_id=17#geregeld\">geregeld, regelmatig<\/a> | <a href=\"\/?page_id=17#germanismen\">germanismen<\/a> | <a href=\"\/?page_id=17#geslacht\">geslacht <\/a>| <a href=\"\/?page_id=17#geslachtgewicht\">geslacht gewicht<\/a> | <a href=\"\/?page_id=17#getallen\">getallen<\/a> || <a href=\"\/?page_id=17#globalisering\">globalisering<\/a> | <a href=\"\/?page_id=17#gisteren\">gisteren, gisternacht<\/a> | <a href=\"\/?page_id=17#gigabyte\">gigabyte<\/a> | <a href=\"\/?page_id=17#gevlij\">gevlij, vleien<\/a> | <a href=\"\/?page_id=17#gif\">gif<\/a> | <a href=\"\/?page_id=17#GLB\">GLB<\/a> | <a href=\"\/?page_id=17#GAP\">GlobalGap<\/a>| <a href=\"\/?page_id=17#gmo\">GMO-gewas<\/a> <a href=\"\/?page_id=17#god\">God, god<\/a> | <a href=\"\/?page_id=17#goedevrijdag\">Goede Vrijdag<\/a> | <a href=\"\/?page_id=17#gprs\">GPRS<\/a> |<a href=\"\/?page_id=17#gps\"> gps\/GPS<\/a> | <a href=\"\/?page_id=17#gravenhage\">\u2019s-Gravenhage<\/a> | <a href=\"\/?page_id=17#groenlabel\">groenlabelvloer<\/a> | <a href=\"\/?page_id=17#groenlinks\">GroenLinks<\/a> | <a href=\"\/?page_id=17#grootste\">grootste twee, twee grootste<\/a> |<a href=\"\/?page_id=17#gsm\"> gsm<\/a> | <a href=\"\/?page_id=17#gulden\">gulden (\u0192)<\/a> |<\/p>\n<p><strong><a id=\"gasconne\" name=\"gasconne\"><\/a><span class=\"style2\">Gasconne-koeien<\/span><\/strong><br \/>\nHet vlees van dit ras Franse bergkoeien met imposante horens is befaamd om de malsheid; het is ook meer gemarmerd (vetter).<br \/>\n<a href=\"http:\/\/www.gasconne.com\/\" target=\"_blank\" rel=\"noopener noreferrer\">\u00bb Gascon<\/a><\/p>\n<p><strong><a id=\"gebeuren\" name=\"gebeuren\"><\/a><span class=\"style2\">gebeuren, het<\/span><\/strong><br \/>\nVreselijke uitdrukking. Niet gebruiken; onmiddellijk schrappen: <em>het uitgeefgebeuren<\/em>, <em>het landbouwgebeuren<\/em>. <i class=\"fa fa-arrow-circle-up\"><\/i><\/p>\n<p><strong><a id=\"gebruikmaken\" name=\"gebruikmaken\"><\/a><span class=\"style2\">gebruikmaken<\/span><\/strong><br \/>\nAan elkaar. Dat hij gebruikgemaakt van zijn medewerkers. Hij maakt gebruik. Hij heeft gebruikgemaakt van&#8230; <i class=\"fa fa-arrow-circle-up\"><\/i><\/p>\n<p><strong><a id=\"geboorte\" name=\"geboorte\"><\/a><span class=\"style2\">geboorte-<\/span><\/strong><br \/>\nSamenstellingen met geboorte- krijgen geen tussen-n: <em>geboortebeperking, geboortecijfers.<\/em> <i class=\"fa fa-arrow-circle-up\"><\/i><\/p>\n<p><strong><a id=\"gc\" name=\"gc\"><\/a><span class=\"style2\">Gecombineerde opgave<\/span><\/strong><br \/>\nWe volgen de schrijfwijze van het ministerie, dus met alleen een hoofdletter G. De Gecombineerde opgave is een jaarlijkse opgave voor agrarisch ondernemers. Zij leveren hiermee gegevens aan voor de landbouwtelling, de mestwetgeving en een aantal subsidies. <i class=\"fa fa-arrow-circle-up\"><\/i><br \/>\n<a href=\"https:\/\/www.rvo.nl\/onderwerpen\/gecombineerde-opgave\" target=\"_blank\" rel=\"noopener noreferrer\">\u00bb Gecombineerde opgave<\/a><\/p>\n<p><strong><a id=\"gedachte\" name=\"gedachte\"><\/a><span class=\"style2\">gedachte-<\/span><\/strong><br \/>\nSamenstellingen met gedachte- krijgen geen tussen-n: <em>gedachtekronkel, gedachtegoed.<\/em> <i class=\"fa fa-arrow-circle-up\"><\/i><\/p>\n<p><strong><a id=\"gedachtestreepje\" name=\"gedachtestreepje\"><\/a><span class=\"style2\">gedachtestreepje<\/span><\/strong><br \/>\nGedachtestreepjes worden vooral gebruikt om een tussenopmerking in een zin beter te laten uitkomen. Het zijn hulpmiddelen voor de leesbaarheid. Het gedachtestreepje wordt ook gebruikt om aan het einde van een zin een zinsdeel een extra accent te geven: <em>hij kon maar niet op de naam komen <\/em>&#8211; <em>en daar ging het nu juist om.<\/em> <i class=\"fa fa-arrow-circle-up\"><\/i><\/p>\n<p><strong><a id=\"gs\" name=\"gs\"><\/a><span class=\"style2\">Gedeputeerde Staten, gedeputeerde staten<\/span><\/strong><br \/>\nMet beginkapitalen, als het bestuurscollege van een provincie wordt bedoeld: <em>Gedeputeerde Staten van Gelderland. <\/em>Onderkast, als het bestuurscollege in algemene zin wordt bedoeld: <em>het dagelijks bestuur van een provincie noem je gedeputeerde staten (GS). <\/em>Na de afkorting GS volgt een meervoudsvorm. De GS bestaan uit de commissaris van de koning en de gedeputeerden. De commissaris van de koning, de voorzitter van de GS, wordt benoemd door de kroon. De gedeputeerden worden gekozen door en uit de Provinciale Staten. <i class=\"fa fa-arrow-circle-up\"><\/i><\/p>\n<p><strong><a id=\"gefingeerd\" name=\"gefingeerd\"><\/a><span class=\"style2\">gefingeerde namen<\/span><\/strong><br \/>\nAls bescherming van de privacy verzonnen namen nodig maakt, moet dat in het artikel worden gemeld. Doe dat bij voorkeur zo gauw de gefingeerde naam wordt opgevoerd. Vermelding aan het slot als voetnoot zet de lezer in feite op het verkeerde been en doet af aan de geloofwaardigheid en betrouwbaarheid. <em> Maar:<\/em> overleg vooraf altijd met de hoofdredactie of en waarom er sprake zou zijn van het opvoeren van een gefingeerde naam. Dit geldt ook voor het opvoeren van anonieme bronnen. <i class=\"fa fa-arrow-circle-up\"><\/i><\/p>\n<p><strong><a id=\"gehalte\" name=\"gehalte\"><\/a><span class=\"style2\">-gehalte<\/span><\/strong><br \/>\nClich\u00e9: <em>\u2018De Doetinchemse delegatie had een hoog techneutengehalte\u2019.<\/em> Spaarzaam gebruiken. <i class=\"fa fa-arrow-circle-up\"><\/i><\/p>\n<p><strong class=\"style2\"><a id=\"geheleplantsilage\" name=\"geheleplantsilage\"><\/a>Gehele Plant Silage<\/strong><br \/>\nBij Gehele Plant Silage (GPS) worden granen geoogst als ze deegrijp zijn. Door middel van een speciaal maaibord aan een hakselaar wordt het gehele gewas afgemaaid. De hakselaar is uitgerust met een speciale GPS-set om een zo optimaal mogelijk product te kunnen afleveren. Het resultaat is een ruwvoer met veel zetmeel en eiwit. We schrijven hier GPS met kapitalen in tegenstelling tot gps als we global positioning system bedoelen: het wereldwijd satellietplaatsbepalingssysteem wat navigeren gemakkelijk maakt.<br \/>\n\u00bb <a href=\"\/?page_id=17#gps\">zie gps<\/a><\/p>\n<p><strong><a id=\"geijkt\" name=\"geijkt\"><\/a><span class=\"style2\">geijkt<\/span><\/strong><br \/>\nEen <em>geijkt <\/em>recept. Een <em>eiken <\/em>voorraadkast. <i class=\"fa fa-arrow-circle-up\"><\/i><\/p>\n<p><strong><a id=\"geldbedragen\" name=\"geldbedragen\"><\/a><span class=\"style2\">geldbedragen<\/span><\/strong><br \/>\nBij exacte bedragen, niet alleen in tabellen etc., maar ook in lopende tekst, gebruiken we een euro- of ander valutasymbool. We noteren aldus: \u20ac350,30 (euroteken vast aan het bedrag). Bij hele euro\u2019s\/dollars etc. geen komma (\u20ac350), \u20ac3.000, \u20ac3 miljoen. Euro- en dollarteken aan bedrag vast. <i class=\"fa fa-arrow-circle-up\"><\/i><\/p>\n<p><strong><a id=\"glbeleid\" name=\"glbeleid\"><\/a><span class=\"style2\">Gemeenschappelijk Landbouwbeleid<\/span><\/strong><br \/>\nHet landbouwbeleid van de Europese Unie, dat voor alle lidstaten geldt. We gebruiken twee kapitalen. Het Gemeenschappelijk Landbouwbeleid kan worden afgekort tot GLB. Ook goed is: Europees landbouwbeleid, of EU-landbouwbeleid. <i class=\"fa fa-arrow-circle-up\"><\/i><br \/>\n\u00bb <a href=\"\/?page_id=17#GLB\">GLB<\/a><\/p>\n<p><strong><a id=\"gemeente\" name=\"gemeente\"><\/a><span class=\"style2\">gemeente-<\/span><\/strong><br \/>\nSamenstellingen met gemeente- krijgen geen tussen -n: <em>gemeentefonds, gemeentegrens.<\/em> <i class=\"fa fa-arrow-circle-up\"><\/i><\/p>\n<p><strong><a id=\"geneesmiddelen\" name=\"geneesmiddelen\"><\/a><span class=\"style2\">geneesmiddelen<\/span><\/strong><br \/>\nGeneesmiddelen hebben twee namen: de commerci\u00eble merk- of handelsnaam en de chemische-stofnaam. Om reclame tegen te gaan, worden de stofnamen gebruikt, tenzij de duidelijkheid anders vereist. Voorbeeld: een veel gebruikte pijnstiller wordt <em>naproxen<\/em> genoemd in plaats van <em>Naproxen. <\/em>Schrijf merknamen altijd met een hoofdletter, werkzame stoffen in onderkast.<br \/>\nHet is een geneesmiddel <em>tegen <\/em>een ziekte en een geneesmiddel <em>voor <\/em>pati\u00ebnten: <em>een geneesmiddel tegen migraine, een geneesmiddel voor migrainepati\u00ebnten.<\/em> <i class=\"fa fa-arrow-circle-up\"><\/i><\/p>\n<p><strong><a id=\"geografi\" name=\"geografi\"><\/a><span class=\"style2\">geografische samenstellingen<\/span><\/strong><br \/>\nSamengestelde aardrijkskundige namen en hun afleidingen krijgen hoofdletters en een koppelteken:<br \/>\n<em>Oost-Vlaanderen, Oost-Vlaams<\/em><br \/>\n<em>Noord-Holland, Noord-Hollands<\/em><br \/>\n<em>Noord-Irak, Noord-Irakees<\/em><br \/>\n<em>Zuid-Afrika, Zuid-Afrikaans<\/em><br \/>\n<em>Zuid-Engeland, Zuid-Engels<\/em> <i class=\"fa fa-arrow-circle-up\"><\/i><br \/>\n<a href=\"https:\/\/taaladvies.net\/taal\/advies\/tekst\/19\" target=\"_blank\" rel=\"noopener noreferrer\">\u00bb schrijfwijze aardrijkskundige namen<\/a><\/p>\n<p><strong><a id=\"gerechtelijk\" name=\"gerechtelijk\"><\/a><span class=\"style2\">gerechtelijk<\/span><\/strong><br \/>\nZonder r: <em>een gerechtelijke dwaling. <\/em>Maar het is: <em>de rechterlijke macht, bij rechterlijk vonnis.<\/em> <i class=\"fa fa-arrow-circle-up\"><\/i><\/p>\n<p><strong><a id=\"geregeld\" name=\"geregeld\"><\/a><span class=\"style2\">geregeld, regelmatig<\/span><\/strong><br \/>\nVaak wordt <em>regelmatig<\/em> geschreven, terwijl wordt bedoeld: <em>geregeld. <\/em>Regelmatig veronderstelt een vaste regelmaat: <em>zijn hart klopt regelmatig. <\/em>Maar: <em>die discussie duikt geregeld <\/em>(vaak, af en toe) <em>op.<\/em> <i class=\"fa fa-arrow-circle-up\"><\/i><\/p>\n<p><strong><a id=\"germanismen\" name=\"germanismen\"><\/a><span class=\"style2\">germanismen<\/span><\/strong><br \/>\nAan het Duits ontleende woorden of woordcombinaties die lijken op Nederlandse, maar dat niet zijn. Probeer het gebruik van germanismen te vermijden.<br \/>\n&#8211; middels: <em>door middel van<\/em><br \/>\n&#8211; dertiger jaren: <em>jaren dertig <\/em><i class=\"fa fa-arrow-circle-up\"><\/i><br \/>\n<a href=\"http:\/\/nl.wikipedia.org\/wiki\/Lijst_van_germanismen_in_het_Nederlands\" target=\"_blank\" rel=\"noopener noreferrer\">\u00bb lijst met germanismen<\/a><\/p>\n<p><a id=\"geslacht\" name=\"geslacht\"><\/a><strong class=\"style2\">geslacht<\/strong><br \/>\nMeestal is voor het vermelden van het geslacht van een persoon een vervolgaanduiding met <em>hij <\/em>of <em>zij <\/em>na het noemen van de naam voldoende. Vermijd constructies waaruit de indruk kan ontstaan dat het mannelijke de norm is en het vrouwelijke de uitzondering.<br \/>\nGebruik niet de termen <em>heer<\/em> of <em>mevrouw<\/em>.<br \/>\nGebruik algemene begrippen, als die beschikbaar zijn: <em>docent <\/em>of <em>leerkracht <\/em>in plaats van <em>lerares<\/em>, v<em>erpleegkundige <\/em>in plaats van <em>verpleegster<\/em>.<br \/>\nDe uitgang -man kan meestal worden vervangen door de uitgang vrouw: <em>raadsman <\/em>&#8211; <em>raadsvrouw, bewindsman <\/em>&#8211; <em>bewindsvrouw, barman <\/em>&#8211;<em>barvrouw, staatsman <\/em>&#8211; <em>staatsvrouw. <\/em>Een <em>Engelsman <\/em>wordt een <em>Engelse, <\/em>een <em>Fransman <\/em>een <em>Fran\u00e7aise. <\/em>Een ombudsman blijft een <em>ombudsman.<\/em><br \/>\nHet is <em>mankracht <\/em>en niet <em>menskracht<\/em>.<\/p>\n<p>In de jaren twintig van de 21e eeuw komt een beweging opzetten die voor genderneutrale taal gaat. Door genderneutraal taalgebruik toe te passen kunnen stereotiepen in de taal rondom mannelijke en vrouwelijke rollen worden doorbroken, en kan men bijdragen aan gelijke kansen voor ieder mens. Door voortdurend mannelijke vormen van woorden in teksten te gebruiken kan men immers de indruk wekken dat vrouwen of transgender mensen zijn uitgesloten van de groepen die worden beschreven. Helaas kent onze Nederlandse taal enkel de mannelijke of vrouwelijke aanspreekvorm. Toch is er een aantal manieren waarmee genderneutraal taalgebruik ook in het Nederlands kan worden toegepast. Je kunt in plaats van &#8216;hij&#8217; en &#8216;zij&#8217; gebruikmaken van genderneutrale voornaamwoorden als &#8216;hen&#8217; en &#8216;die&#8217;. Een veelgehoord alternatief op &#8216;zijn&#8217; of &#8216;haar&#8217; is &#8216;hun&#8217;.<br \/>\n\u00bb <a href=\"http:\/\/www.inventio.nl\/genus\/\" target=\"_blank\" rel=\"noopener noreferrer\">Welk geslacht heeft dit zelfstandig naamwoord?<\/a><\/p>\n<p><a id=\"geslachtgewicht\" name=\"geslachtgewicht\"><\/a><strong class=\"style2\">geslacht gewicht<\/strong><br \/>\nZonder koppelteken tussen geslacht en gewicht. Zo ook: &#8216;levend gewicht&#8217; zonder koppelteken.<i class=\"fa fa-arrow-circle-up\"><\/i><\/p>\n<p><strong><a id=\"getallen\" name=\"getallen\"><\/a><span class=\"style2\">getallen<\/span><\/strong><br \/>\nSchrijf getallen tot en met negentien in letters, evenals twintig en de overige tientallen. Schrijf alle andere getallen in cijfers: 21, 65, 130, 768, 1.001, 1.830, 4.700, 15.635, 308.845, 7.675.278.<br \/>\nDuizendtallen krijgen omwille van de leesbaarheid een punt achter het duizendtal: 1.560. Dit geldt niet bij jaartallen.<\/p>\n<p>Als getallen slaan op daaropvolgende eenheden (<em>leeftijden<\/em>,\u00a0<em>percentages<\/em>,\u00a0<em>(rang)telwoorden<\/em>,\u00a0<em>graden<\/em>,\u00a0<em>maten<\/em>\u00a0en\u00a0<em>gewichten<\/em>\u00a0(kilometer, hectare, kilo, ton, enz.),\u00a0<em>data<\/em>,\u00a0<em>rapportcijfers<\/em>\u00a0en\u00a0<em>geldbedragen<\/em>) schrijven we die getallen in cijfers. Dus: 6%, 8 graden, 10 kilometer, 4 hectare, rapportcijfer 8. Uitzondering vormen uitdrukkingen zoals: ik sta er voor de volle honderd procent achter.<\/p>\n<p>Maar je schrijft vier mensen, zes koeien en klasse drie (want mens, koe en klasse zijn geen exacte eenheid).<\/p>\n<p>Bij tijdsaanduidingen geldt de regel van uitschrijven zolang het gaat om getallen onder de twintig, tientallen, honderdtallen, duizendtallen enzovoorts. Dus bij jaren, maanden, weken et cetera schrijven we de cijfers gewoon uit tot en met negentien (drie maanden, vier dagen, vijf weken). <em>De drie boeren moeten nog twee jaar wachten voordat ze kunnen investeren<\/em>. En ook: <em>de drie boeren moeten nog 21 jaar wachten.<\/em>\u00a0En:\u00a0<em>de 36 boeren moeten nog 21 jaar wachten.<\/em><br \/>\nJaartallen en data worden voluit in cijfers geschreven: 13 februari 2012. De afkorting \u201802 alleen gebruiken in samenstellingen als het seizoen 2011-\u201912. We schrijven de jaren zestig, de jaren zeventig en de jaren tachtig. Niet: de tachtiger jaren (germanisme) of de jaren 80.<\/p>\n<p>In opsommingen en bij het vergelijken van twee of meer getallen schrijven we alle getallen in cijfers, ook als die opsomming zich uitstrekt over meer zinnen en tegen de hierboven beschreven regels ingaan.<br \/>\n<em>In plaats van de geplande 14 huizen bouwde de gemeente er 24. Veehouder Knuif moest daarom vanwege ruimtegebrek 8 koeien en 21 kalveren verkopen.<br \/>\n<\/em><em>De redactie heeft de afgelopen 4 jaar maar liefst 76 keer te maken gehad met een grote crash en 24 keer met een kleine systeemcrash; 3 keer kwam de deadline hierdoor in gevaar.<\/em><\/p>\n<p>Voor het schrijven van rangtelwoorden in cijfers zijn twee systemen in gebruik: aan het cijfer kan alleen een e toegevoegd worden of -ste\/-de: 1e, 2e, 3e of 1ste, 2de, 3de. Het is raadzaam om binnen \u00e9\u00e9n tekst consequent \u00e9\u00e9n systeem te hanteren. Met de hoofdtelwoorden een en drie corresponderen de rangtelwoorden eerste en derde.<br \/>\nEenvoudige breuken in letters: een derde, drie vierde, zeven achtste, twee\u00ebnhalf, drie\u00ebnhalf, vierenhalf, drie vierde. Gecompliceerde breuken in cijfers, evenals de bijbehorende hele getallen: 4 3\/13, 3 7\/15. In breuken (1\/3, 464\/981) wordt nooit een letter aan de noemer toegevoegd.<\/p>\n<p>Bij cijfers aan het begin van de zin krijgt het daaropvolgende woord g\u00e9\u00e9n hoofdletter. Beter is om deze constructie te voorkomen. 10% van de redacteuren vindt\u2026<\/p>\n<p><em>Samenstellingen met cijfers<\/em><br \/>\n-rijig: achtrijig, drierijig, eenrijig, negenrijig, tienrijig, twaalfrijig, tweerijig, veelrijig, vierrijig, vijfrijig, zesrijig, zevenrijig. Een vierrijige pootmachine.<br \/>\n-viertaktmotor: verbrandingsmotor waarbij de zuiger tweemaal op en neer gaat (dus vier slagen maakt) na iedere verbranding.\u00a0<i class=\"fa fa-arrow-circle-up\"><\/i><\/p>\n<p><strong><a id=\"gevlij\" name=\"gevlij\"><\/a><span class=\"style2\">gevlij, vleien<\/span><\/strong><br \/>\nIn het <em>gevlij<\/em> komen (hem of haar ter wille zijn, doen of zeggen wat hij of zij graag heeft). Iemand <em>vleien.<\/em> <i class=\"fa fa-arrow-circle-up\"><\/i><\/p>\n<p><strong><a id=\"gif\" name=\"gif\"><\/a><span class=\"style2\">gif<\/span><\/strong><br \/>\nDe giftigheid van chemische stoffen hangt af van de concentratie. Chemisch afval kan dan ook niet per definitie worden aangeduid als gif. De concentratie van bijvoorbeeld zware metalen of dioxines is daarvoor vaak te laag. In het geval van arsenicum of blauwzuurgas is gif wel de juiste aanduiding.<\/p>\n<p><strong><a id=\"gigabyte\" name=\"gigabyte\"><\/a><span class=\"style2\">gigabyte<\/span><\/strong><br \/>\nOnderkast. Omvat 1.024 megabyte. Afkorting: GB (met hoofdletters).<\/p>\n<p><strong><a id=\"gisteren\" name=\"gisteren\"><\/a><span class=\"style2\">gisteren, gisternacht<\/span><\/strong><br \/>\nHet gebruik van gisteren en gisternacht kan verwarrend zijn. Noem in nieuwsberichten of nieuwsartikelen als tijdsaanduiding in <strong>Food&amp;Agribusiness<\/strong> de eerste keer de dag waarop iets is gebeurd. Daarna volstaat <em>gisteren. <\/em>Anticipeer zo veel mogelijk op de dag waarop de krant verschijnt. Gebruik dan ook <em>vandaag <\/em>en <em>morgen. \u2018Het publiek was fantastisch\u2019, zei Evert van Benthem na afloop van zijn tweede Elfstedentocht. De melkveehouder had gisteren geen reden tot klagen. <\/em><br \/>\nVermijd het gebruik van <em>gisternacht<\/em> of <em>afgelopen nacht<\/em> om verwarring te voorkomen. Schrijf liever concreet: <em>in de nacht van maandag op dinsdag.<\/em> In <strong>Boerderij magazine<\/strong> en op boerderij.nl gebruik je een concrete datumaanduiding: <em>maandag 4 mei<\/em>. Dat geldt ook voor <em>volgende week<\/em>; gebruik ook hier een concrete datum.<\/p>\n<p><strong><a id=\"GLB\" name=\"GLB\"><\/a><span class=\"style2\">GLB<\/span><\/strong><br \/>\nHet landbouwbeleid van de Europese Unie, dat voor alle lidstaten geldt. We gebruiken twee kapitalen. Het Gemeenschappelijk Landbouwbeleid kan worden afgekort tot GLB. Ook goed is: Europees landbouwbeleid, of EU-landbouwbeleid. <i class=\"fa fa-arrow-circle-up\"><\/i><br \/>\n\u00bb <a href=\"\/?page_id=17#glbeleid\">Gemeenschappelijk Landbouwbeleid<\/a><\/p>\n<p><strong><a id=\"GAP\" name=\"GAP\"><\/a><span class=\"style2\">GlobaalGap<\/span><\/strong><br \/>\nWe schrijven GlobalGap, met slechts twee hoofdletters, anders dan de offici\u00eble schrijfwijze, maar we houden nu eenmaal niet van schreeuwende letters. GlobalGap is een certificaat met drie varianten, te weten GlobalGap bloemen en planten, GlobalGap groente en fruit en GlobalGap combinable crops. Deze certificaten zijn geschikt voor afnemers (supermarkten) van groente en fruit, bloemen en planten, akkerbouwproducten die de voedselveiligheidsaspecten in het productieproces willen borgen. Zonder geldig certificaat mag een leverancier veelal niet leveren. <i class=\"fa fa-arrow-circle-up\"><\/i><\/p>\n<p><strong><a id=\"globalisering\" name=\"globalisering\"><\/a><span class=\"style2\">globalisering<\/span><\/strong><br \/>\nAnglicisme. Het is: <em>mondialisering <\/em>(wereldwijde verspreiding); <em>globaal <\/em>betekent: <em>ruw geschat, grofweg. <\/em>De sympathisanten van de beweging die zich verzet tegen mondialisering, worden <em>antiglobalisten <\/em>genoemd. <i class=\"fa fa-arrow-circle-up\"><\/i><\/p>\n<p><strong><a id=\"gmo\" name=\"gmo\"><\/a><span class=\"style2\">GMO-gewas<\/span><\/strong><br \/>\nGenetisch gemodificeerd veevoer. Genetisch gemodificeerde organismen. <i class=\"fa fa-arrow-circle-up\"><\/i><\/p>\n<p><strong><a id=\"god\" name=\"god\"><\/a><span class=\"style2\">God, god<\/span><\/strong><br \/>\nHet is <em>God <\/em>met een beginkapitaal als de Allerhoogste wordt aangeduid.<em> Ere zij God, God zij met ons, de God van de christenen. <\/em>In de overige gevallen wordt <em>god <\/em>met onderkast geschreven: <em>de Griekse goden; hij waant zich god in Frankrijk; hij ziet eruit als een jonge god.<\/em> <i class=\"fa fa-arrow-circle-up\"><\/i><\/p>\n<p><strong><a id=\"goedevrijdag\" name=\"goedevrijdag\"><\/a><span class=\"style2\">Goede Vrijdag<\/span><\/strong><br \/>\nMet hoofdletters. Vrijdag voor Pasen, christelijke herdenkingsdag voor het lijden en sterven van Jezus, de zoon van God. <i class=\"fa fa-arrow-circle-up\"><\/i><\/p>\n<p><strong><a id=\"gprs\" name=\"gprs\"><\/a><span class=\"style2\">GPRS<\/span><\/strong><br \/>\nMet hoofdletters. Afkorting van General Packet Radio Service. Protocol voor snelle mobiele telefonieverbindingen. <i class=\"fa fa-arrow-circle-up\"><\/i><\/p>\n<p><strong><a id=\"gps\" name=\"gps\"><\/a><span class=\"style2\">gps\/GPS<\/span><\/strong><br \/>\nMet kleine letters als afkorting van global positioning system: plaatsbepalingssysteem met behulp van satellieten. Niet te verwarren met GPRS, de telefoniestandaard of met GPS in hoofdletters waarmee Gehele Plant Silage wordt bedoeld. Bij Gehele Plant Silage worden granen geoogst als ze deegrijp zijn. Door middel van een speciaal maaibord aan een hakselaar wordt het gehele gewas afgemaaid. <em>De hakselaar is uitgerust met een speciale GPS-set om een zo optimaal mogelijk product te kunnen afleveren. Het resultaat is een ruwvoer met veel zetmeel en eiwit.<\/em><i class=\"fa fa-arrow-circle-up\"><\/i><br \/>\n\u00bb <a href=\"\/?page_id=17#geheleplantsilage\">zie geheleplantsilage<\/a><\/p>\n<p><a id=\"gravenhage\" name=\"gravenhage\"><\/a><strong class=\"style2\">\u2019s-Gravenhage<\/strong><br \/>\nDe benaming \u2018<em>s-Gravenhage <\/em>is in onbruik geraakt ten gunste van Den Haag; alleen in offici\u00eble stukken staat nog \u2018<em>s-Gravenhage.<\/em> <i class=\"fa fa-arrow-circle-up\"><\/i><\/p>\n<p><strong><a id=\"groenlabel\" name=\"groenlabel\"><\/a><span class=\"style2\">groenlabelvloer<\/span><\/strong><br \/>\nAan elkaar. <i class=\"fa fa-arrow-circle-up\"><\/i><\/p>\n<p><strong><a id=\"groenlinks\" name=\"groenlinks\"><\/a><span class=\"style2\">GroenLinks<\/span><\/strong><br \/>\nE\u00e9n woord met hoofdletter L, zoals de partij zelf schrijft. Het is: GroenLinks en <em>zijn <\/em>aanhangers. <i class=\"fa fa-arrow-circle-up\"><\/i><\/p>\n<p><strong><a id=\"grootste\" name=\"grootste\"><\/a><span class=\"style2\">grootste twee, twee grootste<\/span><\/strong><br \/>\nVaak wordt geschreven: <em>de twee hoogste klassen van het vwo<\/em> of <em>de twee grootste weekbladen van Roularta media<\/em>. In beide gevallen kan er maar \u00e9\u00e9n de hoogste of de grootste zijn. Correct is: <em>de hoogste twee klassen van het vwo, de grootste twee weekbladen.<\/em> <i class=\"fa fa-arrow-circle-up\"><\/i><\/p>\n<p><strong><a id=\"gsm\" name=\"gsm\"><\/a><span class=\"style2\">gsm<\/span><\/strong><br \/>\nOnderkast. Meervoud: <em>gsm<\/em>\u2019<em>s; <\/em>verkleinwoord: <em>gsm<\/em>\u2019<em>etje. <\/em>Afkorting van <em>global system for mobile communication<\/em>. <i class=\"fa fa-arrow-circle-up\"><\/i><\/p>\n<p><strong><a id=\"gulden\" name=\"gulden\"><\/a><span class=\"style2\">gulden <em>(f)<\/em><\/span><\/strong><br \/>\nOnderkast, zoals alle valuta. Voormalige Nederlandse munteenheid. Schrijf voluit <em>2,50 gulden; <\/em>gebruik het guldenteken <em>\u0192 [alt 159] <\/em>(<em>niet<\/em> f<em>.<\/em> <em>of<\/em> fl<em>.<\/em>) alleen in financi\u00eble staatjes. <i class=\"fa fa-arrow-circle-up\"><\/i><\/p>\n","protected":false},"excerpt":{"rendered":"<p>| Gasconne-koeien | gebeuren | gebruikmaken | geboorte | Gecombineerde opgave | gedachte | gedachtestreepje | Gedeputeerde Staten, gedeputeerde staten| gefingeerde namen | -gehalte | Gehele Plant Silage | geijkt | geldbedragen | Gemeenschappelijk Landbouwbeleid | gemeente- | geneesmiddelen | geografische samenstellingen |gerechtelijk | geregeld, regelmatig | germanismen | geslacht | geslacht gewicht | getallen &hellip;<br \/><a href=\"https:\/\/boeiboek.nl\/?page_id=17\" class=\"more-link pen_button pen_element_default pen_icon_arrow_double\">Ga door met het lezen van <span class=\"screen-reader-text\">G<\/span><\/a><\/p>\n","protected":false},"author":1,"featured_media":0,"parent":0,"menu_order":0,"comment_status":"closed","ping_status":"open","template":"","meta":{"footnotes":""},"class_list":["post-17","page","type-page","status-publish","hentry"],"_links":{"self":[{"href":"https:\/\/boeiboek.nl\/index.php?rest_route=\/wp\/v2\/pages\/17","targetHints":{"allow":["GET"]}}],"collection":[{"href":"https:\/\/boeiboek.nl\/index.php?rest_route=\/wp\/v2\/pages"}],"about":[{"href":"https:\/\/boeiboek.nl\/index.php?rest_route=\/wp\/v2\/types\/page"}],"author":[{"embeddable":true,"href":"https:\/\/boeiboek.nl\/index.php?rest_route=\/wp\/v2\/users\/1"}],"replies":[{"embeddable":true,"href":"https:\/\/boeiboek.nl\/index.php?rest_route=%2Fwp%2Fv2%2Fcomments&post=17"}],"version-history":[{"count":4,"href":"https:\/\/boeiboek.nl\/index.php?rest_route=\/wp\/v2\/pages\/17\/revisions"}],"predecessor-version":[{"id":161,"href":"https:\/\/boeiboek.nl\/index.php?rest_route=\/wp\/v2\/pages\/17\/revisions\/161"}],"wp:attachment":[{"href":"https:\/\/boeiboek.nl\/index.php?rest_route=%2Fwp%2Fv2%2Fmedia&parent=17"}],"curies":[{"name":"wp","href":"https:\/\/api.w.org\/{rel}","templated":true}]}}