{"id":26,"date":"2015-09-03T15:29:58","date_gmt":"2015-09-03T15:29:58","guid":{"rendered":"https:\/\/eloquent-moore.178-21-116-128.plesk.page\/index.php\/p\/"},"modified":"2025-11-13T15:46:35","modified_gmt":"2025-11-13T14:46:35","slug":"p","status":"publish","type":"page","link":"https:\/\/boeiboek.nl\/?page_id=26","title":{"rendered":"P"},"content":{"rendered":"<p>|  <a href=\"\/?page_id=26#paratbc\">para-tbc &amp; runder-tbc<\/a> | <a href=\"\/?page_id=26#parlement\">parlement<\/a> | <a href=\"\/?page_id=26#parttime\">parttime<\/a> | <a href=\"\/?page_id=26#pasen\">Pasen<\/a> | <a href=\"\/?page_id=26#pas\">PAS<\/a> | <a href=\"\/?page_id=26#paus\">paus<\/a> | <a href=\"\/?page_id=26#pc\">pc<\/a> | <a href=\"\/?page_id=26#pda\">pcb\u2019s<\/a> | <a href=\"\/?page_id=26#peil\">peil, pijl<\/a> | <a href=\"\/?page_id=26#peiler\">peiler, pijler<\/a> | <a href=\"\/?page_id=26#penalty\">penalty\u2019s<\/a> | <a href=\"\/?page_id=26#percentage\">percentage<\/a> | <a href=\"\/?page_id=26#perse\">per se<\/a> | <a href=\"\/?page_id=26#PFAS\">PFAS<\/a>| <a href=\"\/?page_id=26#phytophthora\">phytophthora<\/a> | <a href=\"\/?page_id=26#piemontese\">Piemontese<\/a> | <a href=\"\/?page_id=26#pietrain\">Pi\u00e9train<\/a> | <a href=\"\/?page_id=26#pijl\">pijl, peil<\/a> | <a href=\"\/?page_id=26#pijler\">pijler, peiler<\/a> | <a href=\"\/?page_id=26#pilot\">pilotproject<\/a> | <a href=\"\/?page_id=26#pinksteren\">Pinksteren<\/a> | <a href=\"\/?page_id=26#pk\">pk<\/a> | <a href=\"\/?page_id=26#plaatsmaken\">plaatsmaken<\/a> | <a href=\"\/?page_id=26#plaatsnaam\">plaatsnaam<\/a> | <a href=\"\/?page_id=26#hulpww\">plaatsing hulp- of koppelwerkwoord<\/a> | <a href=\"\/?page_id=26#plaatsvinden\">plaatsvinden<\/a> | <a href=\"\/?page_id=26#Pproof\">PlanetProof<\/a> | <a href=\"\/?page_id=26#politie\">politieagent<\/a> | <a href=\"\/?page_id=26#pony\">pony\u2019s<\/a> | <a href=\"\/?page_id=26#poolshoogte\">poolshoogte<\/a> | <a href=\"\/?page_id=26#porselein\">porselein<\/a> | <a href=\"\/?page_id=26#portretrecht\">portretrecht<\/a> | <a href=\"\/?page_id=26#post\">post-<\/a> | <a href=\"\/?page_id=26#postuum\">postuum<\/a> | <a href=\"\/?page_id=26#pov\">POV<\/a> |<a href=\"\/?page_id=26#pre\">pre-<\/a> | <a href=\"\/?page_id=26#prinsjesdag\">Prinsjesdag<\/a> | <a href=\"\/?page_id=26#procede\">proc\u00e9d\u00e9<\/a> | <a href=\"\/?page_id=26#procent\">procent \/ %<\/a> | <a href=\"\/?page_id=26#procureur\">procureur-generaal<\/a> | <a href=\"\/?page_id=26#product\">product, productiviteit<\/a> | <a href=\"\/?page_id=26#productschap\">productschap<\/a> | <a href=\"\/?page_id=26#prof\">prof.<\/a> | <a href=\"\/?page_id=26#profiel\">profiel<\/a> | <a href=\"\/?page_id=26#progesteron\">progesteron<\/a> | <a href=\"\/?page_id=26#provincialestaten\">Provinciale Staten, provinciale staten<\/a> | <a href=\"\/?page_id=26#puberteit\">puberteit, pubertijd<\/a> | <a href=\"\/?page_id=26#publicatie\">publicatie<\/a> | <a href=\"\/?page_id=26#punt\">punt<\/a> | <a href=\"\/?page_id=26#puntkomma\">puntkomma<\/a> | <a href=\"\/?page_id=26#pyjama\">pyjama<\/a> |<br \/>\n<strong class=\"style2\">paar<\/strong><br \/>\nPaar in de betekenis van tweetal wordt gevolgd door een enkelvoudige werkwoordsvorm: <em>wat kost dat paar schoenen? <\/em>Paar in de betekenis van enkele wordt gevolgd door een meervoudige werkwoordsvorm: <em>die paar passagiers kunnen er ook nog wel bij.<\/em><\/p>\n<p><strong class=\"style2\">pak\u2019s<\/strong><br \/>\nOnderkast met apostrof-s. Polycyclische aromatische koolwaterstoffen. Schadelijke stoffen die bij verbranding kunnen ontstaan, zoals bij het barbecue\u00ebn of het roosteren van brood. Ze komen ook voor in roet van dieselmotoren.<\/p>\n<p><strong><a id=\"paratbc\" name=\"paratbc\"><\/a><span class=\"style2\">para-tbc &amp; runder-tbc<\/span><\/strong><br \/>\nPara-tbc en runder-tbc schrijven we m\u00e9t koppelteken en zonder hoofdletters. De afkorting \u2018tbc\u2019 is inmiddels zo ingeburgerd dat deze volgens de Taalunie niet meer met hoofdletters geschreven wordt, net zoals cao en aids in onderkast worden geschreven.<br \/>\nIn samenstellingen met een afkorting is een koppelteken nodig; vergelijk \u2018pvc-buis\u2019, \u2018nep-cao\u2019, \u2018rsi-behandeling\u2019. Zonder koppelteken is de afkorting moeilijk herkenbaar en zijn de woorden lastiger uit te spreken.<br \/>\nAls je paratuberculose voluit wilt schrijven, dan hoeft er geen koppelteken tussen. <i class=\"fa fa-arrow-circle-up\"><\/i><\/p>\n<p><strong><a id=\"parlement\" name=\"parlement\"><\/a><span class=\"style2\">parlement<\/span><\/strong><br \/>\nDe volksvertegenwoordigers van de Eerste en de Tweede Kamer samen. Officieel: de Staten-Generaal. Op Prinsjesdag komen beide Kamers in verenigde vergadering bijeen in de Ridderzaal in Den Haag. <i class=\"fa fa-arrow-circle-up\"><\/i><\/p>\n<p><strong><a id=\"parttime\" name=\"parttime\"><\/a><span class=\"style2\">parttime<\/span><\/strong><br \/>\nAan elkaar: <em>hij werkt parttime. <\/em> Hetzelfde geldt voor <em>fulltime.<\/em> <i class=\"fa fa-arrow-circle-up\"><\/i><\/p>\n<p><strong><a id=\"pasen\" name=\"pasen\"><\/a><span class=\"style2\">Pasen<\/span><\/strong><br \/>\nMet een hoofdletter: de christelijke feestdag waarop de verrijzenis van Jezus wordt herdacht. De afleidingen krijgen geen hoofdletter: <em>eerste paasdag, tweede paasdag, paasvakantie, paasdrukte, paaseieren, paashaas, paaskaars. <\/em>Pasen valt op de eerste zondag na de eerste volle maan na het begin van de lente. <i class=\"fa fa-arrow-circle-up\"><\/i><\/p>\n<p><strong><a id=\"pas\" name=\"pas\"><\/a><span class=\"style2\">PAS<\/span><\/strong><br \/>\nDriemaal kapitaal. Programma Aanpak Stikstof. We schrijven <em>het<\/em> PAS, want het is het Programma Aanpak Stikstof. De overheid heeft het over de PAS, maar dat is taalkundig onjuist.<\/p>\n<p><i class=\"fa fa-arrow-circle-up\"><\/i><strong><a id=\"paus\" name=\"paus\"><\/a><span class=\"style2\">paus<\/span><\/strong><br \/>\nMet onderkast p. <em>De paus is het hoofd van de rooms-katholieke kerk.<\/em> <i class=\"fa fa-arrow-circle-up\"><\/i><\/p>\n<p><strong> <a id=\"pc\" name=\"pc\"><\/a> <span class=\"style2\">pc<\/span><\/strong><br \/>\nOnderkast. Staat voor <em>personal computer.<\/em> <i class=\"fa fa-arrow-circle-up\"><\/i><\/p>\n<p><strong><a id=\"pcb\" name=\"pcb\"><\/a><span class=\"style2\">pcb\u2019s<\/span><\/strong><br \/>\nOnderkast met apostrof-s. Polychloorbifenylen. Zeer giftige gechloreerde koolwaterstoffen. Veelgebruikt als weekmaker in plastics en als koelvloeistof voor transformatoren. Bij verbranding van pcb\u2019s ontstaan dioxines. <i class=\"fa fa-arrow-circle-up\"><\/i><\/p>\n<p><strong><a id=\"peil\" name=\"peil\"><\/a><span class=\"style2\">peil, pijl<\/span><\/strong><br \/>\nEr valt geen <em>peil <\/em>op te trekken. Spelen met <em>pijl <\/em>en boog. <i class=\"fa fa-arrow-circle-up\"><\/i><\/p>\n<p><strong><a id=\"peiler\" name=\"peiler\"><\/a><span class=\"style2\">peiler, pijler<\/span><\/strong><br \/>\nEen <em>peiler <\/em>van illegale zenders. Een <em>pijler <\/em>van een brug. <i class=\"fa fa-arrow-circle-up\"><\/i><\/p>\n<p><strong><a id=\"penalty\" name=\"penalty\"><\/a><span class=\"style2\">penalty\u2019s<\/span><\/strong><br \/>\nMeervoudsvormen van Engelse woorden op -y krijgen in het Nederlands een apostrof en een s, niet de Engelse uitgang -ies. Zo ook: <em>hobby\u2019s, pony\u2019s.<\/em> <i class=\"fa fa-arrow-circle-up\"><\/i><\/p>\n<p><strong><a id=\"percentage\" name=\"percentage\"><\/a><span class=\"style2\">percentages<\/span><\/strong><br \/>\nPercentages schrijven we met het procentteken % en zonder spatie tussen cijfers en %-teken. Dus: 34%, 1%, enzovoort. Bij gebruik van het %-teken dit dus altijd vastzetten aan het getal; typ geen spatie, anders kan op internet het %-teken naar een volgende regel worden verplaatst en dat wil je niet. In koppen procentteken waar mogelijk vermijden en vervangen door benadering (denk aan: Kwart minder slachtingen in plaats van 24% minder slachtingen, Een derde meer inschrijvingen in plaats van 35% meer inschrijvingen, etc.). Een percentage is een proportie, een deel, en daarmee een enkelvoudig begrip: 60% van de vaktijdschriften verdwijnt de komende tien jaar.<br \/>\nIn tabellen en grafieken gebruiken we eveneens het %-teken.<br \/>\nUitzonderingen zijn uitdrukkingen als: <em>ik sta er voor de volle honderd procent achter; dat is voor 99 procent zeker. <\/em>In deze gevallen wordt niet een precies aantal procenten bedoeld, maar een orde van grootte. <i class=\"fa fa-arrow-circle-up\"><\/i><\/p>\n<p><strong><a id=\"perse\" name=\"perse\"><\/a><span class=\"style2\">per se<\/span><\/strong><br \/>\nTwee woorden, zonder accent (het is Latijn, geen Frans). <i class=\"fa fa-arrow-circle-up\"><\/i><\/p>\n<p><strong><a id=\"PFAS\" name=\"PFAS\"><\/a><span class=\"style2\">PFAS<\/span><\/strong><br \/>\nHoofdletters. PFAS is de afkorting voor poly- en perfluoralkylstoffen, een groep van duizenden door de mens gemaakte chemische stoffen. <i class=\"fa fa-arrow-circle-up\"><\/i><\/p>\n<p><strong><a id=\"phytophthora\" name=\"phytophthora\"><\/a><span class=\"style2\">phytophthora<\/span><\/strong><br \/>\nWe gebruiken de algmene schrijfwijze van phytophthora, dus ook zonder hoofdletter. Vooral van belang om op internet beter gevonden te worden. Ook in <em>Boerderij magazine<\/em> schrijven we phytophthora. Samenstellingen met phytophthora krijgen omwille van de leesbaarheid een koppelteken, phytophthora-haard, phytophthora-uitbarsting. De Phytophthora-monitor die op boerderij.nl draait, schrijven we met een hoofdletter omdat het de eigennaam van een product is. <i class=\"fa fa-arrow-circle-up\"><\/i><\/p>\n<p><strong><a id=\"piemontese\" name=\"piemontese\"><\/a><span class=\"style2\">Piemontese<\/span> <\/strong><br \/>\nZonder trema. <i class=\"fa fa-arrow-circle-up\"><\/i><\/p>\n<p><strong><a id=\"pietrain\" name=\"pietrain\"><\/a><span class=\"style2\">Pi\u00e9train<\/span><\/strong><br \/>\nPi\u00e9train-fokkerij schrijf je met koppelteken. <i class=\"fa fa-arrow-circle-up\"><\/i><br \/>\n\u00bb <a href=\"http:\/\/nl.wikipedia.org\/wiki\/Pi%C3%A9train\" target=\"_blank\" rel=\"noopener noreferrer\">ras<\/a><\/p>\n<p><strong><a id=\"pijl\" name=\"pijl\"><\/a><span class=\"style2\">pijl, peil<\/span><\/strong><br \/>\nSpelen met <em>pijl <\/em>en boog. Er valt geen <em>peil <\/em>op te trekken. <i class=\"fa fa-arrow-circle-up\"><\/i><\/p>\n<p><strong><a id=\"pijler\" name=\"pijler\"><\/a><span class=\"style2\">pijler, peiler<\/span><\/strong><br \/>\nEen <em>pijler <\/em>van een brug. Een <em>peiler <\/em>van illegale zenders. <i class=\"fa fa-arrow-circle-up\"><\/i><\/p>\n<p><strong><a id=\"pilot\" name=\"pilot\"><\/a><span class=\"style2\">pilotproject<\/span><\/strong><br \/>\n(zie Groene Boekje: pilotstudy)<br \/>\nProefproject. <i class=\"fa fa-arrow-circle-up\"><\/i><\/p>\n<p><strong><a id=\"pinksteren\" name=\"pinksteren\"><\/a><span class=\"style2\">Pinksteren<\/span><\/strong><br \/>\nMet een hoofdletter: de christelijke feestdag ter herdenking van de neerdaling van de Heilige Geest over de apostelen. De afleidingen krijgen geen hoofdletter: <em>eerste pinksterdag, tweede pinksterdag, pinksterdrukte, pinkstertoernooi. <\/em>Pinksteren valt op de vijftigste dag na Pasen. <i class=\"fa fa-arrow-circle-up\"><\/i><\/p>\n<p><strong><a id=\"pk\" name=\"pk\"><\/a><span class=\"style2\">pk versus kW<\/span><\/strong><br \/>\nNa afstemming met de mechanisatieredactie is besloten voortaan als eerste te spreken over pk\u2019s en niet meer van kW\u2019s. Fabrikanten en de markt praten alleen over pk\u2019s en niet over kW\u2019s. Dus trekkers hebben in onze uitingen voortaan een vermogen van 100 pk of 120 pk. Wie wil mag tussen haakjes (xxx kW) erachter zetten, maar dit hoeft niet. <i class=\"fa fa-arrow-circle-up\"><\/i><\/p>\n<p><strong class=\"style2\"><a id=\"plaatsmaken\" name=\"plaatsmaken\"><\/a>plaatsmaken<\/strong><br \/>\nAan elkaar. Heeft plaatsgemaakt. Hij maakt plaats. Dat hij plaatsmaakt voor een nieuwe chef, had ik wel verwacht. <i class=\"fa fa-arrow-circle-up\"><\/i><\/p>\n<p><strong class=\"style2\"><a id=\"plaatsnaam\" name=\"plaatsnaam\"><\/a>plaatsnaam<\/strong><br \/>\nIn <em>Boerderij Magazine<\/em> beginnen berichten nooit met een plaatsnaam. <i class=\"fa fa-arrow-circle-up\"><\/i><\/p>\n<p><strong><a id=\"hulpww\" name=\"hulpww\"><\/a><span class=\"style2\">plaatsing hulp- of koppelwerkwoord<\/span><\/strong><br \/>\nIs het beter te schrijven: <em>ik ben blij dat je gekomen bent, <\/em>of: <em>ik ben blij dat je bent gekomen?<\/em><br \/>\nDat is een kwestie van smaak. Het is afhankelijk van het spraakgebruik en mede dialect gebonden. Er is geen vaste regel.<br \/>\nWel kan in het algemeen worden gezegd dat de plaatsing van het hulp- of koppelwerkwoord <em>(hebben, worden, zijn) <\/em>v\u00f3\u00f3r het voltooid deelwoord de voorkeur verdient. Dat geeft meestal een betere zinsmelodie en een krachtiger leeseffect. Schrijftaal is anders dan spreektaal.<br \/>\nHet ritme van de zin is bepalend voor de plaatsing van het hulpkoppelwerkwoord. Minder krachtig: <em>de trainer verklaarde dat het Nederlands elftal aan de verwachtingen voldaan had.<\/em><br \/>\nSterker: <em>de trainer verklaarde dat het Nederlands elftal aan de verwachtingen had voldaan.<\/em><br \/>\nNog sterker: <em>volgens de trainer had het Nederlands elftal aan de verwachtingen voldaan.<\/em><br \/>\nHet hulp- of koppelwerkwoord moet zo dicht mogelijk bij het voltooid deelwoord worden geplaatst. Dat leest makkelijker.<br \/>\nLiever niet: \u2018de Amerikaanse president heeft zijn besluit enkele uren nadat opnieuw rellen waren uitgebroken, genomen\u2019. Beter: <em>de Amerikaanse president heeft zijn besluit genomen enkele uren nadat opnieuw rellen waren uitgebroken.<\/em><br \/>\nNog beter: <em>de Amerikaanse president nam zijn besluit enkele uren na de rellen.<\/em> <i class=\"fa fa-arrow-circle-up\"><\/i><\/p>\n<p><strong><a id=\"plaatsvinden\" name=\"plaatsvinden\"><\/a><span class=\"style2\">plaatsvinden<\/span> <\/strong><br \/>\nAan elkaar. Clich\u00e9matig werkwoord. Probeer een ander werkwoord te vinden. Een vergadering <em>wordt gehouden, <\/em>een huwelijk <em>wordt gesloten, e<\/em>en wedstrijd <em>wordt gespeeld, <\/em>een ongeluk <em>gebeurt.<\/em> <i class=\"fa fa-arrow-circle-up\"><\/i><\/p>\n<p><strong><a id=\"Pproof\" name=\"Pproof\"><\/a><span class=\"style2\">PlanetProof<\/span> <\/strong><br \/>\nGebruik de verkorte weergave van dit keurmerk: PlanetProof (met twee hoofdletters P). Het onafhankelijke keurmerk\u00a0<em>On the way to PlanetProof<\/em>\u00a0bewijst (\u2018Proof\u2019) dat je een product koopt dat duurzamer is geproduceerd en daardoor een betere keuze voor natuur, klimaat, \u00e9n dier. Met het keurmerk werken boeren, tuinders en andere bedrijven toe naar een productie die in evenwicht is met de draagkracht van onze planeet. Zij zetten steeds verdere stappen om de aarde minder te belasten. (\u2018On the way to\u2026\u2019). Het keurmerk kun je tegenkomen op zuivel, groenten en fruit, eieren, bloemen, planten, bomen en bloembollen.<\/p>\n<p><strong><a id=\"politie\" name=\"politie\"><\/a><span class=\"style2\">politieagent<\/span><\/strong><br \/>\nZonder koppelteken. Het is: <em>politie-eenheid, <\/em>met koppelteken. <i class=\"fa fa-arrow-circle-up\"><\/i><\/p>\n<p><strong><a id=\"pony\" name=\"pony\"><\/a><span class=\"style2\">pony\u2019s<\/span><\/strong><br \/>\nMeervoudsvormen van Engelse woorden op -y krijgen in het Nederlands een apostrof en een s, niet de Engelse uitgang -ies. Zo ook: baby\u2019s<em>, hobby\u2019s, penalty\u2019s.<\/em> <i class=\"fa fa-arrow-circle-up\"><\/i><\/p>\n<p><strong class=\"style2\"><a id=\"poolshoogte\" name=\"poolshoogte\"><\/a>poolshoogte<\/strong><br \/>\nHet woord poolshoogte komt vrijwel uitsluitend voor in de vaste verbinding poolshoogte nemen, met de letterlijke betekenis \u2018de breedte onderzoeken\u2019 of \u2018het bestek opmaken\u2019. Dus niet: polshoogte.<i class=\"fa fa-arrow-circle-up\"><\/i><\/p>\n<p><strong><a id=\"porselein\" name=\"porselein\"><\/a><span class=\"style2\">porselein<\/span><\/strong><br \/>\nMet een s en ei. <i class=\"fa fa-arrow-circle-up\"><\/i><\/p>\n<p><strong><a id=\"portretrecht\" name=\"portretrecht\"><\/a><span class=\"style2\">portretrecht<\/span><\/strong><br \/>\nIemand van wie &#8211; zonder dat hij daartoe opdracht gaf en al dan niet met zijn toestemming &#8211; een portret is gemaakt, kan opkomen tegen ongewenste publicatie ervan en schadevergoeding eisen als publicatie tegen zijn zin is geschied. Hij moet dan wel aannemelijk kunnen maken dat hij een redelijk belang heeft om zich tegen publicatie te verzetten. Het redelijk belang kan onder meer zijn een zedelijk belang (naaktfoto), bescherming van de persoonlijke levenssfeer (verdachte in strafproces) of een commercieel belang (artiesten of sportlieden van wie de beeltenis geld waard is omdat zij verzilverbare populariteit genieten).<br \/>\nInbreuk op iemands portretrecht ligt op de loer als ter illustratie van een artikel een archieffoto wordt geplaatst, waardoor deze foto in een andere context komt te staan dan waarvoor hij oorspronkelijk is gemaakt. <i class=\"fa fa-arrow-circle-up\"><\/i><\/p>\n<p><strong><a id=\"post\" name=\"post\"><\/a><span class=\"style2\">post<\/span><\/strong><br \/>\nNa <em>post <\/em>als voorvoegsel komt geen koppelteken: <em>postmodern, postnataal.<\/em> <i class=\"fa fa-arrow-circle-up\"><\/i><\/p>\n<p><strong><a id=\"postuum\" name=\"postuum\"><\/a><span class=\"style2\">postuum<\/span><\/strong><br \/>\nZonder h. Betekent: na de dood verschenen (gedichten, muziek, boeken), dus niet Maria of Jezus. <i class=\"fa fa-arrow-circle-up\"><\/i><\/p>\n<p><strong><a id=\"pov\" name=\"pov\"><\/a><span class=\"style2\">POV, Producenten Organisatie Varkenshouderij<\/span><\/strong><br \/>\nDrie losse woorden met hoofdletters, ook al schrijft de organisatie zelf soms over Producentenorganisatie; wij schrijven Producenten Organisatie Varkenshouderij. <i class=\"fa fa-arrow-circle-up\"><\/i><\/p>\n<p><strong><a id=\"pre\" name=\"pre\"><\/a><span class=\"style2\">pre-<\/span><\/strong><br \/>\nNa<em> pre- <\/em>als voorvoegsel komt geen koppelteken: <em>prehistorie. Pre <\/em>bestaat ook als zelfstandig naamwoord in de betekenis van voorkeur of voorrang. <i class=\"fa fa-arrow-circle-up\"><\/i><\/p>\n<p><strong><a id=\"prinsjesdag\" name=\"prinsjesdag\"><\/a><span class=\"style2\">Prinsjesdag<\/span><\/strong><br \/>\nHet is <em>Prinsjesdag <\/em>met een hoofdletter (eigennaam). <i class=\"fa fa-arrow-circle-up\"><\/i><\/p>\n<p><strong><a id=\"procede\" name=\"procede\"><\/a><span class=\"style2\">proc\u00e9d\u00e9<\/span><\/strong><br \/>\nMet tweemaal \u00e9. <i class=\"fa fa-arrow-circle-up\"><\/i><\/p>\n<p><strong><a id=\"procent\" name=\"procent\"><\/a><span class=\"style2\">procenten<\/span><\/strong><br \/>\nPercentages schrijven we met het procentteken % en zonder spatie tussen cijfers en %-teken. Dus: 34%, 1%, enzovoort. Bij gebruik van het %-teken dit dus altijd vastzetten aan het getal; typ geen spatie, anders kan op internet het %-teken naar een volgende regel worden verplaatst en dat wil je niet. In koppen procentteken waar mogelijk vermijden en vervangen door benadering (denk aan: Kwart minder slachtingen in plaats van 24% minder slachtingen, Een derde meer inschrijvingen in plaats van 35% meer inschrijvingen, etc.). Een percentage is een proportie, een deel, en daarmee een enkelvoudig begrip: 60% van de vaktijdschriften verdwijnt de komende tien jaar.<br \/>\nIn tabellen en grafieken gebruiken we eveneens het %-teken.<br \/>\nUitzonderingen zijn uitdrukkingen als: <em>ik sta er voor de volle honderd procent achter; dat is voor 99 procent zeker. <\/em>In deze gevallen wordt niet een precies aantal procenten bedoeld, maar een orde van grootte. <i class=\"fa fa-arrow-circle-up\"><\/i><\/p>\n<p><strong><a id=\"procureur\" name=\"procureur\"><\/a><span class=\"style2\">procureur-generaal<\/span><\/strong><br \/>\nMet koppelteken. Meervoud: <em>procureurs-generaal (pg\u2019s). <\/em>Lid van het College van procureurs-generaal en de hoogste vertegenwoordiger van het Openbaar Ministerie bij een gerechtshof en de Hoge Raad. <i class=\"fa fa-arrow-circle-up\"><\/i><\/p>\n<p><strong><a id=\"product\" name=\"product\"><\/a><span class=\"style2\">product, productiviteit<\/span><\/strong><br \/>\nMet een c. <i class=\"fa fa-arrow-circle-up\"><\/i><\/p>\n<p><strong><a id=\"productschap\" name=\"productschap\"><\/a><span class=\"style2\">productschap<\/span><\/strong><br \/>\nOnderkast. Een productschap was een \u2018Publiekrechtelijke Bedrijfsorganisatie\u2019 (PBO). Een instelling die van de overheid de bevoegdheid had gekregen om voor een sector wettelijke regels op te stellen. Voorbeelden: Productschap Vee en (PVV) en Productschap Pluimvee en Eieren (PPE).De overheid heeft de Productschappen afgeschaft. Daarvoor in de plaats zijn Brancheorganisaties (BO) gekomen. Het verschil tussen de twee is dat een productschap een publieke organisatie was, terwijl de Brancheorganisatie een private organisatie is. <i class=\"fa fa-arrow-circle-up\"><\/i><\/p>\n<p><strong><a id=\"prof\" name=\"prof\"><\/a><span class=\"style2\">prof<\/span><\/strong><span class=\"style2\">.<\/span><br \/>\nAfkorting van professor. Als titel het woord niet voluit schrijven. Het is niet: \u2018professor De Smit\u2019, maar: <em>prof. De Smit. <\/em>Prof. wordt niet gebruikt als functieaanduiding. Gebruik daarvoor: <em>hoogleraar. <\/em>Niet: De Smit, professor in Amsterdam\u2019, maar: <em>De Smit, hoogleraar in Amsterdam. <\/em>Wel kan: <em>verstrooide professor.<\/em> <i class=\"fa fa-arrow-circle-up\"><\/i><\/p>\n<p><strong><a id=\"profiel\" name=\"profiel\"><\/a><span class=\"style2\">profiel<\/span><\/strong><br \/>\nPortret van een persoon die in het nieuws is. De bedoeling is de lezer op beschouwende wijze kennis te laten maken met achtergronden, levensloop en denkbeelden van de geportretteerde. <i class=\"fa fa-arrow-circle-up\"><\/i><\/p>\n<p><strong><a id=\"progesteron\" name=\"progesteron\"><\/a><span class=\"style2\">progesteron<\/span><\/strong><br \/>\nVrouwelijk geslachtshormoon. <i class=\"fa fa-arrow-circle-up\"><\/i><\/p>\n<p><strong><a id=\"provincialestaten\" name=\"provincialestaten\"><\/a><span class=\"style2\">Provinciale Staten, provinciale staten<\/span><\/strong><br \/>\nHet hoogste politieke orgaan van de provincie. De leden van de twaalf Provinciale Staten worden elke vier jaar direct gekozen door de kiesgerechtigde inwoners van de provincie.<br \/>\nSchrijf <em>Provinciale Staten <\/em>met kapitalen als het bestuursorgaan van een specifieke provincie wordt bedoeld: <em>Provinciale Staten van Drenthe hebben besloten. <\/em>Het is <em>provinciale staten <\/em>met onderkast als het begrip in algemene zin wordt gebruikt: <em>de Eerste Kamer wordt gekozen door de leden van de provinciale staten.<\/em> <i class=\"fa fa-arrow-circle-up\"><\/i><i class=\"fa fa-arrow-circle-up\"><\/i><\/p>\n<p><strong><a id=\"puberteit\" name=\"puberteit\"><\/a><span class=\"style2\">puberteit, pubertijd<\/span><\/strong><br \/>\nDe <em>puberteit <\/em>is de levensfase waarin de geslachtsrijpheid zich ontwikkelt. De <em>pubertijd <\/em>is de tijd of periode van het puberen. <i class=\"fa fa-arrow-circle-up\"><\/i><\/p>\n<p><strong><a id=\"publicatie\" name=\"publicatie\"><\/a><span class=\"style2\">publicatie<\/span><\/strong><br \/>\nMet een c. <i class=\"fa fa-arrow-circle-up\"><\/i><\/p>\n<p><strong><a id=\"punt\" name=\"punt\"><\/a><span class=\"style2\">punt<\/span><\/strong><br \/>\nZet bij afkortingen altijd een punt: <em>dr., drs., ds., ing., ir., mr., prof., St. Maarten, St. Nicolaas, St.-Petersburg.<\/em><br \/>\nDrie punten achter elkaar worden in twee gevallen gebruikt:<br \/>\n&#8211; om in citaten uit boeken of andere schriftelijke stukken (niet bij interviews of verslagen) aan te geven dat bepaalde gedeelten worden weggelaten; de punten worden tussen haakjes gezet;<br \/>\n&#8211; om het dramatische einde van een passage of, sterker nog, een verhaal te accentueren: <em>in de verte blafte een hond &#8230; <\/em>Dit heeft \u00a0een pathetisch effect, dat beter kan worden vermeden. <i class=\"fa fa-arrow-circle-up\"><\/i><\/p>\n<p><strong><a id=\"puntkomma\" name=\"puntkomma\"><\/a><span class=\"style2\">puntkomma<\/span><\/strong><br \/>\nEen puntkomma wordt gebruikt om twee zinnen die inhoudelijk bij elkaar horen, als \u00e9\u00e9n geheel te presenteren. Een puntkomma kan vaak worden vervangen door een punt. De puntkomma heeft w\u00e9l een functie bij het onderscheiden van de samenstellende delen van een lange opsomming: <em>In de nota komen de volgende onderwerpen aan bod: de voorgeschiedenis van het lyceum; de problemen van het havo; voorstellen voor samenvoeging van havo en vwo. <\/em>Bij een opsomming onder elkaar kies je voor een opsommingsteken of een streepje voor de opsomming gevolgd door de zin of het woord zonder hoofdletter, je sluit af met de puntkomma en de laatste regel met een punt.<br \/>\n<em>In de nota komen de volgende onderwerpen aan bod:<br \/>\n&#8211; de voorgeschiedenis van het lyceum;<br \/>\n&#8211; de problemen van het havo;<br \/>\n&#8211; voorstellen voor samenvoeging van havo en vwo.<\/em> <i class=\"fa fa-arrow-circle-up\"><\/i><\/p>\n<p><strong><a id=\"pyjama\" name=\"pyjama\"><\/a><span class=\"style2\">pyjama<\/span><\/strong><br \/>\nMet y en j. <i class=\"fa fa-arrow-circle-up\"><\/i><\/p>\n","protected":false},"excerpt":{"rendered":"<p>| para-tbc &amp; runder-tbc | parlement | parttime | Pasen | PAS | paus | pc | pcb\u2019s | peil, pijl | peiler, pijler | penalty\u2019s | percentage | per se | PFAS| phytophthora | Piemontese | Pi\u00e9train | pijl, peil | pijler, peiler | pilotproject | Pinksteren | pk | plaatsmaken | plaatsnaam | &hellip;<br \/><a href=\"https:\/\/boeiboek.nl\/?page_id=26\" class=\"more-link pen_button pen_element_default pen_icon_arrow_double\">Ga door met het lezen van <span class=\"screen-reader-text\">P<\/span><\/a><\/p>\n","protected":false},"author":1,"featured_media":0,"parent":0,"menu_order":0,"comment_status":"closed","ping_status":"open","template":"","meta":{"footnotes":""},"class_list":["post-26","page","type-page","status-publish","hentry"],"_links":{"self":[{"href":"https:\/\/boeiboek.nl\/index.php?rest_route=\/wp\/v2\/pages\/26","targetHints":{"allow":["GET"]}}],"collection":[{"href":"https:\/\/boeiboek.nl\/index.php?rest_route=\/wp\/v2\/pages"}],"about":[{"href":"https:\/\/boeiboek.nl\/index.php?rest_route=\/wp\/v2\/types\/page"}],"author":[{"embeddable":true,"href":"https:\/\/boeiboek.nl\/index.php?rest_route=\/wp\/v2\/users\/1"}],"replies":[{"embeddable":true,"href":"https:\/\/boeiboek.nl\/index.php?rest_route=%2Fwp%2Fv2%2Fcomments&post=26"}],"version-history":[{"count":5,"href":"https:\/\/boeiboek.nl\/index.php?rest_route=\/wp\/v2\/pages\/26\/revisions"}],"predecessor-version":[{"id":275,"href":"https:\/\/boeiboek.nl\/index.php?rest_route=\/wp\/v2\/pages\/26\/revisions\/275"}],"wp:attachment":[{"href":"https:\/\/boeiboek.nl\/index.php?rest_route=%2Fwp%2Fv2%2Fmedia&parent=26"}],"curies":[{"name":"wp","href":"https:\/\/api.w.org\/{rel}","templated":true}]}}