{"id":28,"date":"2015-09-03T15:31:08","date_gmt":"2015-09-03T15:31:08","guid":{"rendered":"https:\/\/eloquent-moore.178-21-116-128.plesk.page\/index.php\/r\/"},"modified":"2024-08-29T16:27:59","modified_gmt":"2024-08-29T14:27:59","slug":"r","status":"publish","type":"page","link":"https:\/\/boeiboek.nl\/?page_id=28","title":{"rendered":"R"},"content":{"rendered":"<p>| <a href=\"#raad\">raad<\/a> | <a href=\"#radicaal\">radicaal<\/a> | <a href=\"#randstad\">Randstad<\/a> | <a href=\"#rang\">rangtelwoorden<\/a> | <a href=\"#rassennamen\">rassennamen<\/a> | <a href=\"#rauw\">rauw, rouw<\/a> | <a href=\"#recent\">recent, recentelijk<\/a> | <a href=\"#rechtsstaat\">rechtsstaat<\/a> | <a href=\"#rechtszaak\">rechtszaak<\/a> | <a href=\"#rectificatie\">rectificatie<\/a> |<a href=\"#red\"> red.<\/a> | <a href=\"#reeel\">re\u00ebel, re\u00eble<\/a> | <a href=\"#regelmatig\">regelmatig, geregeld<\/a> | <a href=\"#regering\">regering<\/a> |\u00a0<a href=\"#reizen\">reizen, rijzen<\/a> | <a href=\"#renure\">renure<\/a> | <a href=\"#reportage\">reportage<\/a> | <a href=\"#represaille\">represaille<\/a> | <a href=\"#retorisch\">retorisch<\/a> | <a href=\"#reunie\">re\u00fcnie<\/a> | <a href=\"#rijk\">het Rijk<\/a> | <a href=\"#rvo\">Rijksdienst voor Ondernemend Nederland (RVO)<\/a> | <a href=\"#rijzen\">rijzen, reizen<\/a> | <a href=\"#rock\">rock-\u2019n-roll<\/a> | <a href=\"#rosekalveren\">ros\u00e9kalveren<\/a> | <a href=\"#rouw\">rouw, rauw<\/a> | <a href=\"#rtl\">RTL 4 <\/a> |<\/p>\n<p><strong><a id=\"raad\" name=\"raad\"><\/a><span class=\"style2\">raad<\/span><\/strong><br \/>\nMannelijk. Het is: de gemeenteraad en <em>zijn <\/em>leden, de Veiligheidsraad en <em>zijn <\/em>besluiten, de raad van bestuur en <em>zijn <\/em>plannen.<\/p>\n<p><strong><a id=\"radicaal\" name=\"radicaal\"><\/a><span class=\"style2\">radicaal<\/span><\/strong><br \/>\nMet een c. <i class=\"fa fa-arrow-circle-up\"><\/i><\/p>\n<p><strong><a id=\"randstad\" name=\"randstad\"><\/a><span class=\"style2\">Randstad<\/span><\/strong><br \/>\nMet hoofdletter, als geografische naam van het Westen van Nederland. Het bijvoeglijk naamwoord is <em>randstedelijk, <\/em>met een onderkast r. <i class=\"fa fa-arrow-circle-up\"><\/i><\/p>\n<p><strong><a id=\"rag\" name=\"rang\"><\/a><span class=\"style2\">rangtelwoorden<\/span><\/strong><br \/>\nRangtelwoorden worden gevormd door toevoeging van het achtervoegsel -de\/-ste aan het overeenkomstige hoofdtelwoord: tweede, vierde, zesde, negende enzovoort. Met de hoofdtelwoorden een en drie corresponderen de rangtelwoorden eerste en derde.<\/p>\n<p>Voor het schrijven van rangtelwoorden in cijfers zijn twee systemen in gebruik. Aan het cijfer kan alleen een e toegevoegd worden, ofwel -ste\/-de: 1e, 2e, 3e of 1ste, 2de, 3de. Het is raadzaam om binnen \u00e9\u00e9n tekst consequent \u00e9\u00e9n systeem te hanteren.<\/p>\n<p>In breuken (1\/3, 464\/981) wordt nooit een letter aan de noemer toegevoegd. <i class=\"fa fa-arrow-circle-up\"><\/i><\/p>\n<p><strong><a id=\"rassennamen\" name=\"rassennamen\"><\/a><span class=\"style2\">rassennamen<\/span><\/strong><br \/>\nAardappelsoorten en soorten van andere groenten, knollen en vruchten worden met een hoofdletter geschreven, omdat ze als naam beschouwd worden: Spunta, Russet Burbank, Purple Congo, Gieser Wildeman, Conf\u00e9rence. <\/p>\n<p><i class=\"fa fa-arrow-circle-up\"><\/i><\/p>\n<p><strong><a id=\"rauw\" name=\"rauw\"><\/a><span class=\"style2\">rauw, rouw<\/span><\/strong><br \/>\nRauw vlees eten. In de <em>rouw <\/em>zijn. Wel is het rauwkost (aan elkaar). <i class=\"fa fa-arrow-circle-up\"><\/i><\/p>\n<p><strong><a id=\"recent\" name=\"recent\"><\/a><span class=\"style2\">recent, recentelijk<\/span><\/strong><br \/>\nHet woord <em>recent <\/em>is een bijvoeglijk naamwoord: een <em>recent <\/em>exemplaar.<br \/>\n<em>Recentelijk <\/em>(bijwoord) kan beter worden vervangen door <em>onlangs, pasgeleden.<\/em> <i class=\"fa fa-arrow-circle-up\"><\/i><\/p>\n<p><strong><a id=\"rechtsstaat\" name=\"rechtsstaat\"><\/a><span class=\"style2\">rechtsstaat<\/span><\/strong><br \/>\nMet dubbel s. Het Groene boekje geeft ook \u2018rechtstaat\u2019. De voorkeur geniet: <em>rechtsstaat.<\/em> <i class=\"fa fa-arrow-circle-up\"><\/i><\/p>\n<p><strong><a id=\"rechtszaak\" name=\"rechtszaak\"><\/a><span class=\"style2\">rechtszaak<\/span><\/strong><br \/>\nMet s achter recht. <i class=\"fa fa-arrow-circle-up\"><\/i><\/p>\n<p><strong><a id=\"rectificatie\" name=\"rectificatie\"><\/a><span class=\"style2\">rectificatie<\/span><\/strong><br \/>\nFeitelijke onjuistheden corrigeren in de eerstvolgende uitgave van een editie met daarboven de vermelding <em>Correcties en aanvullingen<\/em>. De hoofdredactie beslist over inhoud en vorm van de rechtzetting. We spreken van correctie en niet van een rectificatie als we niet van rechtswege hoeven te corrigeren. Ook als een gepubliceerde mededeling waar is, kan rectificatie nodig zijn in geval van een onrechtmatige daad. Daarvan is sprake als bijvoorbeeld grievende bewoordingen of kwalificaties zijn gebezigd of wanneer kwalijke gegevens over iemand zijn verteld die\u00a0in het kader van de berichtgeving niet relevant zijn. <i class=\"fa fa-arrow-circle-up\"><\/i><\/p>\n<p><strong><a id=\"red\" name=\"red\"><\/a><span class=\"style2\">red.<\/span><\/strong><br \/>\nDe constructie ( &#8230;, <em>red.) <\/em>kan bij hoge uitzondering worden gebruikt om redactionele verduidelijkingen te plaatsen in citaten van anderen. Het is beter het citaat te parafraseren, of uitleg te geven na het citaat.<br \/>\nIn bijzondere gevallen kunnen de initialen van de auteur worden gebruikt. <i class=\"fa fa-arrow-circle-up\"><\/i><\/p>\n<p><strong><a id=\"reeel\" name=\"reeel\"><\/a><span class=\"style2\">re\u00ebel, re\u00eble<\/span><\/strong><br \/>\nLet op de plaats van het trema. <i class=\"fa fa-arrow-circle-up\"><\/i><\/p>\n<p><strong><a id=\"regelmatig\" name=\"regelmatig\"><\/a><span class=\"style2\">regelmatig, geregeld<\/span><\/strong><br \/>\nVaak wordt \u2018regelmatig\u2019 geschreven, terwijl wordt bedoeld: <em>geregeld. Regelmatig veronderstelt <\/em>een vaste regelmaat: <em>zijn hart klopt regelmatig. <\/em>Maar: <em>die discussie duikt geregeld <\/em>(vaak, af en toe) <em>op.<\/em> <i class=\"fa fa-arrow-circle-up\"><\/i><\/p>\n<p><strong><a id=\"regering\" name=\"regering\"><\/a><span class=\"style2\">regering<\/span><\/strong><br \/>\nDe koning en de ministers vormen samen de regering of <em>kroon. <\/em>De koning is formeel \u2018hoofd der regering\u2019, maar maakt geen deel uit van een kabinet. De koning is onschendbaar. De ministers zijn verantwoordelijk. De \u2018regering-Rutte\u2019 is fout. Het is <em>het kabinet Rutte.<\/em> <i class=\"fa fa-arrow-circle-up\"><\/i><\/p>\n<p><strong><a id=\"reizen\" name=\"reizen\"><\/a><span class=\"style2\">reizen, rijzen<\/span><\/strong><br \/>\nNaar het buitenland <em>reizen. <\/em>De pan uit <em>rijzen.<\/em> <i class=\"fa fa-arrow-circle-up\"><\/i><\/p>\n<p><strong><a id=\"renure\" name=\"renure\"><\/a><span class=\"style2\">renure<\/span><\/strong><br \/>\nZonder hoofdletter. De offici\u00eble term voor kunstmestvervangers (REcovered Nitrogen from manURE).<\/p>\n<p><strong><a id=\"reportage\" name=\"reportage\"><\/a><span class=\"style2\">reportage<\/span><\/strong><br \/>\nIn een reportage doet de journalist verslag van een gebeurtenis of wat hij naar aanleiding van een nieuwsfeit ter plekke meemaakt. Hij is oog- en oorgetuige in dienst van de lezer. Hij registreert, observeert, noteert, spreekt met betrokkenen, snuift de sfeer op, let op bijzondere details. Hij doet verslag in een persoonlijke stijl (waarnemingen zijn altijd subjectief), maar probeert zijn verhaal voor de lezer zo objectief mogelijk op papier te zetten. <i class=\"fa fa-arrow-circle-up\"><\/i><\/p>\n<p><strong><a id=\"represaille\" name=\"represaille\"><\/a><span class=\"style2\">represaille<\/span><\/strong><br \/>\nMet \u00e9\u00e9n s. <i class=\"fa fa-arrow-circle-up\"><\/i><\/p>\n<p><strong><a id=\"retorisch\" name=\"retorisch\"><\/a><span class=\"style2\">retorisch<\/span><\/strong><br \/>\nZonder h achter de t. <i class=\"fa fa-arrow-circle-up\"><\/i><\/p>\n<p><strong><a id=\"reunie\" name=\"reunie\"><\/a><span class=\"style2\">re\u00fcnie<\/span><\/strong><br \/>\nMet een trema. <i class=\"fa fa-arrow-circle-up\"><\/i><\/p>\n<p><strong><a id=\"rijk\" name=\"rijk\"><\/a><span class=\"style2\">het Rijk<\/span><\/strong><br \/>\nIn de betekenis van rijksoverheid: met hoofdletter. Zij werkt bij het Rijk (de overheid). Dan ben je rijksambtenaar of rijksarbeider. In die samenstelling gebruik je onderkast. Ook als je het hebt over het rijk der fabelen, of het rijk der verbeelding. <i class=\"fa fa-arrow-circle-up\"><\/i><\/p>\n<p><strong><a id=\"rvo\" name=\"rijk\"><\/a><span class=\"style2\">Rijksdienst voor Ondernemend Nederland<\/span><\/strong><br \/>\nFusienaam van Agentschap NL en Dienstregelingen. Per 1 januari 2014 heet deze instantie Rijksdienst voor Ondernemend Nederland. We gebruiken als afkorting RVO, zoals de overheid die ook zelf gebruikt. <i class=\"fa fa-arrow-circle-up\"><\/i><\/p>\n<p><strong><a id=\"rijzen\" name=\"rijzen\"><\/a><span class=\"style2\">rijzen, reizen<\/span><\/strong><br \/>\nHet deeg staat te <em>rijzen. <\/em>Naar het buitenland <em>reizen.<\/em><i class=\"fa fa-arrow-circle-up\"><\/i><\/p>\n<p><strong><a id=\"rock\" name=\"rock\"><\/a><span class=\"style2\">rock-\u2019n-roll<\/span><\/strong><br \/>\nHet vernederlandste <em>rock-\u2019n-roll <\/em>heeft \u00e9\u00e9n apostrof voor de n en koppeltekens. De apostrof staat voor de weggelaten e in \u2018rock-en-roll\u2019. Het Engelse <em>rock \u2018n\u2019 roll <\/em>geeft dan ook twee apostroffen, wegens het weglaten van de a en de d, maar geen koppeltekens.<i class=\"fa fa-arrow-circle-up\"><\/i><\/p>\n<p><strong><a id=\"rosekalveren\" name=\"rosekalveren\"><\/a><span class=\"style2\">ros\u00e9kalveren<\/span><\/strong><br \/>\nDe Taalunie adviseert om ros\u00e9kalf, ros\u00e9kalveren en ros\u00e9kalfsvlees\/ros\u00e9vlees als een samenstelling te schrijven, dus als \u00e9\u00e9n woord. De klemtoon ligt op ros\u00e9, niet op wat daarachter staat. Ros\u00e9 wordt dan niet als los bijvoeglijk naamwoord gebruikt. We spreken over jongros\u00e9, jongros\u00e9kalveren en oudros\u00e9 en oudros\u00e9kalveren. <i class=\"fa fa-arrow-circle-up\"><\/i><\/p>\n<p><a id=\"rouw\" name=\"rouw\"><\/a><strong class=\"style2\">rouw, rauw<\/strong><br \/>\nIn de <em>rouw <\/em>zijn. <em>Rauw vlees <\/em>eten. <i class=\"fa fa-arrow-circle-up\"><\/i><\/p>\n<p><strong><a id=\"rtl\" name=\"rtl\"><\/a><span class=\"style2\">RTL 4 (5)<\/span><\/strong><br \/>\nTussen RTL en 4 (5) komt een spatie. RTL staat voor: Radio Television Luxembourg. <i class=\"fa fa-arrow-circle-up\"><\/i><\/p>\n","protected":false},"excerpt":{"rendered":"<p>| raad | radicaal | Randstad | rangtelwoorden | rassennamen | rauw, rouw | recent, recentelijk | rechtsstaat | rechtszaak | rectificatie | red. | re\u00ebel, re\u00eble | regelmatig, geregeld | regering |\u00a0reizen, rijzen | renure | reportage | represaille | retorisch | re\u00fcnie | het Rijk | Rijksdienst voor Ondernemend Nederland (RVO) | rijzen, &hellip;<br \/><a href=\"https:\/\/boeiboek.nl\/?page_id=28\" class=\"more-link pen_button pen_element_default pen_icon_arrow_double\">Ga door met het lezen van <span class=\"screen-reader-text\">R<\/span><\/a><\/p>\n","protected":false},"author":1,"featured_media":0,"parent":0,"menu_order":0,"comment_status":"closed","ping_status":"open","template":"","meta":{"footnotes":""},"class_list":["post-28","page","type-page","status-publish","hentry"],"_links":{"self":[{"href":"https:\/\/boeiboek.nl\/index.php?rest_route=\/wp\/v2\/pages\/28","targetHints":{"allow":["GET"]}}],"collection":[{"href":"https:\/\/boeiboek.nl\/index.php?rest_route=\/wp\/v2\/pages"}],"about":[{"href":"https:\/\/boeiboek.nl\/index.php?rest_route=\/wp\/v2\/types\/page"}],"author":[{"embeddable":true,"href":"https:\/\/boeiboek.nl\/index.php?rest_route=\/wp\/v2\/users\/1"}],"replies":[{"embeddable":true,"href":"https:\/\/boeiboek.nl\/index.php?rest_route=%2Fwp%2Fv2%2Fcomments&post=28"}],"version-history":[{"count":4,"href":"https:\/\/boeiboek.nl\/index.php?rest_route=\/wp\/v2\/pages\/28\/revisions"}],"predecessor-version":[{"id":225,"href":"https:\/\/boeiboek.nl\/index.php?rest_route=\/wp\/v2\/pages\/28\/revisions\/225"}],"wp:attachment":[{"href":"https:\/\/boeiboek.nl\/index.php?rest_route=%2Fwp%2Fv2%2Fmedia&parent=28"}],"curies":[{"name":"wp","href":"https:\/\/api.w.org\/{rel}","templated":true}]}}