{"id":38,"date":"2015-10-19T18:32:39","date_gmt":"2015-10-19T18:32:39","guid":{"rendered":"https:\/\/eloquent-moore.178-21-116-128.plesk.page\/index.php\/lijst-van-provincies-en-landen-met-hun-afkorting\/"},"modified":"2023-11-30T09:58:45","modified_gmt":"2023-11-30T08:58:45","slug":"lijst-van-provincies-en-landen-met-hun-afkorting","status":"publish","type":"page","link":"https:\/\/boeiboek.nl\/?page_id=38","title":{"rendered":"Lijst van provincies en landen met hun afkorting"},"content":{"rendered":"<p><strong>Provincies<\/strong><br \/>\nFriesland (Fr.)<br \/>\nGroningen (Gr.)<br \/>\nDrenthe (Dr.)<br \/>\nOverijssel (Ov.)<br \/>\nFlevoland (Fl.)<br \/>\nGelderland (Gld.)<br \/>\nNoord-Holland (N.-H.)<br \/>\nZuid-Holland (Z.-H.)<br \/>\nUtrecht (U.)<br \/>\nZeeland (Zld.)<br \/>\nNoord-Brabant (N.-Br.)<br \/>\nLimburg (L.)<\/p>\n<p><strong>Europa<\/strong><br \/>\nBelgi\u00eb (B)<br \/>\nBulgarije (BG)<br \/>\nDenemarken (DK)<br \/>\nDuitsland (D)<br \/>\nFinland (FIN)<br \/>\nFrankrijk (F)<br \/>\nGriekenland (GR)<br \/>\nGroot-Brittanni\u00eb (GB)<br \/>\nHongarije (HON)<br \/>\nIerland (IRL)<br \/>\nItali\u00eb (IT)<br \/>\nLuxemburg (LUX)<br \/>\nNederland (NED)<br \/>\nNoorwegen (NOR)<br \/>\nOostenrijk (OOST)<br \/>\nPolen (P)<br \/>\nPortugal (PORT)<br \/>\nRoemeni\u00eb (ROEM)<br \/>\nRusland (RUS)<br \/>\nSlowakije (SL)<br \/>\nSpanje (SP)<br \/>\nTsjechi\u00eb (TSJ)<br \/>\nVerenigd Koninkrijk (VK)<br \/>\nZweden (ZWE)<br \/>\nZwitserland (ZWI)<\/p>\n<p><strong>Overig<\/strong><br \/>\nVerenigde Staten (VS)<br \/>\nBrazili\u00eb (BRA)<br \/>\nNieuw-Zeeland (NZ)<\/p>\n","protected":false},"excerpt":{"rendered":"<p>Provincies Friesland (Fr.) Groningen (Gr.) Drenthe (Dr.) Overijssel (Ov.) Flevoland (Fl.) Gelderland (Gld.) Noord-Holland (N.-H.) Zuid-Holland (Z.-H.) Utrecht (U.) Zeeland (Zld.) Noord-Brabant (N.-Br.) Limburg (L.) Europa Belgi\u00eb (B) Bulgarije (BG) Denemarken (DK) Duitsland (D) Finland (FIN) Frankrijk (F) Griekenland (GR) Groot-Brittanni\u00eb (GB) Hongarije (HON) Ierland (IRL) Itali\u00eb (IT) Luxemburg (LUX) Nederland (NED) Noorwegen (NOR) Oostenrijk &hellip;<br \/><a href=\"https:\/\/boeiboek.nl\/?page_id=38\" class=\"more-link pen_button pen_element_default pen_icon_arrow_double\">Ga door met het lezen van <span class=\"screen-reader-text\">Lijst van provincies en landen met hun afkorting<\/span><\/a><\/p>\n","protected":false},"author":1,"featured_media":0,"parent":0,"menu_order":0,"comment_status":"closed","ping_status":"open","template":"","meta":{"footnotes":""},"class_list":["post-38","page","type-page","status-publish","hentry"],"_links":{"self":[{"href":"https:\/\/boeiboek.nl\/index.php?rest_route=\/wp\/v2\/pages\/38","targetHints":{"allow":["GET"]}}],"collection":[{"href":"https:\/\/boeiboek.nl\/index.php?rest_route=\/wp\/v2\/pages"}],"about":[{"href":"https:\/\/boeiboek.nl\/index.php?rest_route=\/wp\/v2\/types\/page"}],"author":[{"embeddable":true,"href":"https:\/\/boeiboek.nl\/index.php?rest_route=\/wp\/v2\/users\/1"}],"replies":[{"embeddable":true,"href":"https:\/\/boeiboek.nl\/index.php?rest_route=%2Fwp%2Fv2%2Fcomments&post=38"}],"version-history":[{"count":4,"href":"https:\/\/boeiboek.nl\/index.php?rest_route=\/wp\/v2\/pages\/38\/revisions"}],"predecessor-version":[{"id":210,"href":"https:\/\/boeiboek.nl\/index.php?rest_route=\/wp\/v2\/pages\/38\/revisions\/210"}],"wp:attachment":[{"href":"https:\/\/boeiboek.nl\/index.php?rest_route=%2Fwp%2Fv2%2Fmedia&parent=38"}],"curies":[{"name":"wp","href":"https:\/\/api.w.org\/{rel}","templated":true}]}}