{"id":44,"date":"2015-10-19T18:53:15","date_gmt":"2015-10-19T18:53:15","guid":{"rendered":"https:\/\/eloquent-moore.178-21-116-128.plesk.page\/index.php\/zo-maak-je-eenvoudig-een-accent\/"},"modified":"2023-01-12T13:03:28","modified_gmt":"2023-01-12T12:03:28","slug":"zo-maak-je-eenvoudig-een-accent","status":"publish","type":"page","link":"https:\/\/boeiboek.nl\/?page_id=44","title":{"rendered":"Accenten"},"content":{"rendered":"<p><strong>Zo maak je eenvoudig een accent<\/strong><\/p>\n<p>Num-locktoets aan en dan via [alt] [getal]<\/p>\n<table style=\"height: 500px;\" border=\"0\" width=\"300\" cellspacing=\"0\" cellpadding=\"0\">\n<tbody>\n<tr>\n<td align=\"center\" valign=\"middle\" bgcolor=\"#FFFFCC\"><strong>129<\/strong><\/td>\n<td align=\"center\" valign=\"middle\" bgcolor=\"#FFFFFF\"><strong>\u00a0<\/strong><\/td>\n<td align=\"center\" valign=\"middle\"><strong>150<\/strong><\/td>\n<td align=\"center\" valign=\"middle\"><strong>\u00a0<\/strong><\/td>\n<td align=\"center\" valign=\"middle\" bgcolor=\"#FFFFCC\"><strong>151<\/strong><\/td>\n<td align=\"center\" valign=\"middle\" bgcolor=\"#FFFFFF\"><strong>\u00a0<\/strong><\/td>\n<td align=\"center\" valign=\"middle\"><strong>154<\/strong><\/td>\n<td align=\"center\" valign=\"middle\"><strong>\u00a0<\/strong><\/td>\n<td align=\"center\" valign=\"middle\" bgcolor=\"#FFFFCC\"><strong>163<\/strong><\/td>\n<td align=\"center\" valign=\"middle\" bgcolor=\"#FFFFFF\"><\/td>\n<td align=\"center\" valign=\"middle\"><\/td>\n<\/tr>\n<tr>\n<td align=\"center\" valign=\"middle\" bgcolor=\"#FFFFCC\">\u00fc<\/td>\n<td align=\"center\" valign=\"middle\" bgcolor=\"#FFFFFF\"><\/td>\n<td align=\"center\" valign=\"middle\">\u00fb<\/td>\n<td align=\"center\" valign=\"middle\"><\/td>\n<td align=\"center\" valign=\"middle\" bgcolor=\"#FFFFCC\">\u00f9<\/td>\n<td align=\"center\" valign=\"middle\" bgcolor=\"#FFFFFF\"><\/td>\n<td align=\"center\" valign=\"middle\">\u00dc<\/td>\n<td align=\"center\" valign=\"middle\"><\/td>\n<td align=\"center\" valign=\"middle\" bgcolor=\"#FFFFCC\">\u00fa<\/td>\n<td align=\"center\" valign=\"middle\" bgcolor=\"#FFFFFF\"><\/td>\n<td align=\"center\" valign=\"middle\"><\/td>\n<\/tr>\n<tr>\n<td colspan=\"11\" align=\"center\" valign=\"middle\" bgcolor=\"#FFFFFF \"><\/td>\n<\/tr>\n<tr>\n<td align=\"center\" valign=\"middle\" bgcolor=\"#FFFFCC\"><strong>139<\/strong><\/td>\n<td align=\"center\" valign=\"middle\" bgcolor=\"#FFFFFF\"><strong>\u00a0<\/strong><\/td>\n<td align=\"center\" valign=\"middle\"><strong>140<\/strong><\/td>\n<td align=\"center\" valign=\"middle\"><strong>\u00a0<\/strong><\/td>\n<td align=\"center\" valign=\"middle\" bgcolor=\"#FFFFCC\"><strong>141<\/strong><\/td>\n<td align=\"center\" valign=\"middle\" bgcolor=\"#FFFFFF\"><strong>\u00a0<\/strong><\/td>\n<td align=\"center\" valign=\"middle\"><strong>161<\/strong><\/td>\n<td align=\"center\" valign=\"middle\"><strong>\u00a0<\/strong><\/td>\n<td align=\"center\" valign=\"middle\" bgcolor=\"#FFFFFF\"><\/td>\n<td align=\"center\" valign=\"middle\" bgcolor=\"#FFFFFF\"><\/td>\n<td align=\"center\" valign=\"middle\"><\/td>\n<\/tr>\n<tr>\n<td align=\"center\" valign=\"middle\" bgcolor=\"#FFFFCC\">\u00ef<\/td>\n<td align=\"center\" valign=\"middle\" bgcolor=\"#FFFFFF\"><\/td>\n<td align=\"center\" valign=\"middle\">\u00ee<\/td>\n<td align=\"center\" valign=\"middle\"><\/td>\n<td align=\"center\" valign=\"middle\" bgcolor=\"#FFFFCC\">\u00ec<\/td>\n<td align=\"center\" valign=\"middle\" bgcolor=\"#FFFFFF\"><\/td>\n<td align=\"center\" valign=\"middle\">\u00ed<\/td>\n<td align=\"center\" valign=\"middle\"><\/td>\n<td align=\"center\" valign=\"middle\" bgcolor=\"#FFFFFF\"><\/td>\n<td align=\"center\" valign=\"middle\" bgcolor=\"#FFFFFF\"><\/td>\n<td align=\"center\" valign=\"middle\"><\/td>\n<\/tr>\n<tr>\n<td colspan=\"11\" align=\"center\" valign=\"middle\" bgcolor=\"#FFFFFF \"><\/td>\n<\/tr>\n<tr>\n<td align=\"center\" valign=\"middle\" bgcolor=\"#FFFFCC\"><strong>147<\/strong><\/td>\n<td align=\"center\" valign=\"middle\" bgcolor=\"#FFFFFF\"><strong>\u00a0<\/strong><\/td>\n<td align=\"center\" valign=\"middle\"><strong>148<\/strong><\/td>\n<td align=\"center\" valign=\"middle\"><strong>\u00a0<\/strong><\/td>\n<td align=\"center\" valign=\"middle\" bgcolor=\"#FFFFCC\"><strong>149<\/strong><\/td>\n<td align=\"center\" valign=\"middle\" bgcolor=\"#FFFFFF\"><strong>\u00a0<\/strong><\/td>\n<td align=\"center\" valign=\"middle\"><strong>153<\/strong><\/td>\n<td align=\"center\" valign=\"middle\"><strong>\u00a0<\/strong><\/td>\n<td align=\"center\" valign=\"middle\" bgcolor=\"#FFFFCC\"><strong>162<\/strong><\/td>\n<td align=\"center\" valign=\"middle\" bgcolor=\"#FFFFFF\"><\/td>\n<td align=\"center\" valign=\"middle\"><strong>228<\/strong><\/td>\n<\/tr>\n<tr>\n<td align=\"center\" valign=\"middle\" bgcolor=\"#FFFFCC\">\u00f4<\/td>\n<td align=\"center\" valign=\"middle\" bgcolor=\"#FFFFFF\"><\/td>\n<td align=\"center\" valign=\"middle\">\u00f6<\/td>\n<td align=\"center\" valign=\"middle\"><\/td>\n<td align=\"center\" valign=\"middle\" bgcolor=\"#FFFFCC\">\u00f2<\/td>\n<td align=\"center\" valign=\"middle\" bgcolor=\"#FFFFFF\"><\/td>\n<td align=\"center\" valign=\"middle\">\u00d6<\/td>\n<td align=\"center\" valign=\"middle\"><\/td>\n<td align=\"center\" valign=\"middle\" bgcolor=\"#FFFFCC\">\u00f3<\/td>\n<td align=\"center\" valign=\"middle\" bgcolor=\"#FFFFFF\"><\/td>\n<td align=\"center\" valign=\"middle\">\u00f5<\/td>\n<\/tr>\n<tr>\n<td colspan=\"11\" align=\"center\" valign=\"middle\" bgcolor=\"#FFFFFF\"><\/td>\n<\/tr>\n<tr>\n<td align=\"center\" valign=\"middle\" bgcolor=\"#FFFFCC\"><strong>130<\/strong><\/td>\n<td align=\"center\" valign=\"middle\" bgcolor=\"#FFFFFF\"><\/td>\n<td align=\"center\" valign=\"middle\"><strong>136<\/strong><\/td>\n<td align=\"center\" valign=\"middle\"><\/td>\n<td align=\"center\" valign=\"middle\" bgcolor=\"#FFFFCC\"><strong>137<\/strong><\/td>\n<td align=\"center\" valign=\"middle\" bgcolor=\"#FFFFFF\"><\/td>\n<td align=\"center\" valign=\"middle\"><strong>138<\/strong><\/td>\n<td align=\"center\" valign=\"middle\"><\/td>\n<td align=\"center\" valign=\"middle\" bgcolor=\"#FFFFCC\"><strong>144<\/strong><\/td>\n<td align=\"center\" valign=\"middle\" bgcolor=\"#FFFFFF\"><\/td>\n<td align=\"center\" valign=\"middle\" bgcolor=\"#FFFFFF\"><\/td>\n<\/tr>\n<tr>\n<td align=\"center\" valign=\"middle\" bgcolor=\"#FFFFCC\">\u00e9<\/td>\n<td align=\"center\" valign=\"middle\" bgcolor=\"#FFFFFF\"><\/td>\n<td align=\"center\" valign=\"middle\">\u00ea<\/td>\n<td align=\"center\" valign=\"middle\"><\/td>\n<td align=\"center\" valign=\"middle\" bgcolor=\"#FFFFCC\">\u00eb<\/td>\n<td align=\"center\" valign=\"middle\" bgcolor=\"#FFFFFF\"><\/td>\n<td align=\"center\" valign=\"middle\">\u00e8<\/td>\n<td align=\"center\" valign=\"middle\"><\/td>\n<td align=\"center\" valign=\"middle\" bgcolor=\"#FFFFCC\">\u00c9<\/td>\n<td align=\"center\" valign=\"middle\" bgcolor=\"#FFFFFF\"><\/td>\n<td align=\"center\" valign=\"middle\" bgcolor=\"#FFFFFF\"><\/td>\n<\/tr>\n<tr>\n<td colspan=\"11\" align=\"center\" valign=\"middle\" bgcolor=\"#FFFFFF \"><\/td>\n<\/tr>\n<tr>\n<td align=\"center\" valign=\"middle\" bgcolor=\"#FFFFCC\"><strong>131<\/strong><\/td>\n<td align=\"center\" valign=\"middle\" bgcolor=\"#FFFFFF\"><strong>\u00a0<\/strong><\/td>\n<td align=\"center\" valign=\"middle\"><strong>132<\/strong><\/td>\n<td align=\"center\" valign=\"middle\"><strong>\u00a0<\/strong><\/td>\n<td align=\"center\" valign=\"middle\" bgcolor=\"#FFFFCC\"><strong>133<\/strong><\/td>\n<td align=\"center\" valign=\"middle\" bgcolor=\"#FFFFFF\"><strong>\u00a0<\/strong><\/td>\n<td align=\"center\" valign=\"middle\"><strong>134<\/strong><\/td>\n<td align=\"center\" valign=\"middle\"><strong>\u00a0<\/strong><\/td>\n<td align=\"center\" valign=\"middle\" bgcolor=\"#FFFFCC\"><strong>142<\/strong><\/td>\n<td align=\"center\" valign=\"middle\" bgcolor=\"#FFFFFF\"><strong>\u00a0<\/strong><\/td>\n<td align=\"center\" valign=\"middle\"><strong>160<\/strong><\/td>\n<\/tr>\n<tr>\n<td align=\"center\" valign=\"middle\" bgcolor=\"#FFFFCC\">\u00e2<\/td>\n<td align=\"center\" valign=\"middle\" bgcolor=\"#FFFFFF\"><\/td>\n<td align=\"center\" valign=\"middle\">\u00e4<\/td>\n<td align=\"center\" valign=\"middle\"><\/td>\n<td align=\"center\" valign=\"middle\" bgcolor=\"#FFFFCC\">\u00e0<\/td>\n<td align=\"center\" valign=\"middle\" bgcolor=\"#FFFFFF\"><\/td>\n<td align=\"center\" valign=\"middle\">\u00e5<\/td>\n<td align=\"center\" valign=\"middle\"><\/td>\n<td align=\"center\" valign=\"middle\" bgcolor=\"#FFFFCC\">\u00c4<\/td>\n<td align=\"center\" valign=\"middle\" bgcolor=\"#FFFFFF\"><\/td>\n<td align=\"center\" valign=\"middle\">\u00e1<\/td>\n<\/tr>\n<tr>\n<td colspan=\"11\" align=\"center\" valign=\"middle\" bgcolor=\"#FFFFFF\"><\/td>\n<\/tr>\n<tr>\n<td align=\"center\" valign=\"middle\" bgcolor=\"#FFFFCC\"><strong>128<\/strong><\/td>\n<td align=\"center\" valign=\"middle\" bgcolor=\"#FFFFFF\"><strong>\u00a0<\/strong><\/td>\n<td align=\"center\" valign=\"middle\"><strong>135<\/strong><\/td>\n<td align=\"center\" valign=\"middle\"><strong>\u00a0<\/strong><\/td>\n<td align=\"center\" valign=\"middle\" bgcolor=\"#FFFFCC\"><strong>164<\/strong><\/td>\n<td align=\"center\" valign=\"middle\" bgcolor=\"#FFFFFF\"><strong>\u00a0<\/strong><\/td>\n<td align=\"center\" valign=\"middle\"><strong>165<\/strong><\/td>\n<td align=\"center\" valign=\"middle\"><strong>\u00a0<\/strong><\/td>\n<td align=\"center\" valign=\"middle\" bgcolor=\"#FFFFCC\"><b>\u00a0225<\/b><\/td>\n<td align=\"center\" valign=\"middle\" bgcolor=\"#FFFFFF\"><\/td>\n<td align=\"center\" valign=\"middle\" bgcolor=\"#FFFFFF\"><\/td>\n<\/tr>\n<tr>\n<td align=\"center\" valign=\"middle\" bgcolor=\"#FFFFCC\">\u00c7<\/td>\n<td align=\"center\" valign=\"middle\" bgcolor=\"#FFFFFF\"><\/td>\n<td align=\"center\" valign=\"middle\">\u00e7<\/td>\n<td align=\"center\" valign=\"middle\"><\/td>\n<td align=\"center\" valign=\"middle\" bgcolor=\"#FFFFCC\">\u00f1<\/td>\n<td align=\"center\" valign=\"middle\" bgcolor=\"#FFFFFF\"><\/td>\n<td align=\"center\" valign=\"middle\">\u00d1<\/td>\n<td align=\"center\" valign=\"middle\"><\/td>\n<td align=\"center\" valign=\"middle\" bgcolor=\"#FFFFCC\">\u00a0\u00df<\/td>\n<td align=\"center\" valign=\"middle\" bgcolor=\"#FFFFFF\"><\/td>\n<td align=\"center\" valign=\"middle\" bgcolor=\"#FFFFFF\"><\/td>\n<\/tr>\n<tr>\n<td colspan=\"11\" align=\"center\" valign=\"middle\" bgcolor=\"#FFFFFF \"><\/td>\n<\/tr>\n<tr>\n<td align=\"center\" valign=\"middle\" bgcolor=\"#FFFFCC\"><strong>16<\/strong><\/td>\n<td align=\"center\" valign=\"middle\" bgcolor=\"#FFFFFF\"><strong>\u00a0<\/strong><\/td>\n<td align=\"center\" valign=\"middle\"><strong>17<\/strong><\/td>\n<td align=\"center\" valign=\"middle\"><strong>\u00a0<\/strong><\/td>\n<td align=\"center\" valign=\"middle\" bgcolor=\"#FFFFCC\"><strong>30<\/strong><\/td>\n<td align=\"center\" valign=\"middle\" bgcolor=\"#FFFFFF\"><strong>\u00a0<\/strong><\/td>\n<td align=\"center\" valign=\"middle\"><strong>31<\/strong><\/td>\n<td align=\"center\" valign=\"middle\"><\/td>\n<td align=\"center\" valign=\"middle\" bgcolor=\"#FFFFFF\"><\/td>\n<td align=\"center\" valign=\"middle\" bgcolor=\"#FFFFFF\"><\/td>\n<td align=\"center\" valign=\"middle\" bgcolor=\"#FFFFFF\"><\/td>\n<\/tr>\n<tr>\n<td align=\"center\" valign=\"middle\" bgcolor=\"#FFFFCC\">\u25ba<\/td>\n<td align=\"center\" valign=\"middle\" bgcolor=\"#FFFFFF\"><\/td>\n<td align=\"center\" valign=\"middle\">\u25c4<\/td>\n<td align=\"center\" valign=\"middle\"><\/td>\n<td align=\"center\" valign=\"middle\" bgcolor=\"#FFFFCC\">\u25b2<\/td>\n<td align=\"center\" valign=\"middle\" bgcolor=\"#FFFFFF\"><\/td>\n<td align=\"center\" valign=\"middle\">\u25bc<\/td>\n<td align=\"center\" valign=\"middle\"><\/td>\n<td align=\"center\" valign=\"middle\" bgcolor=\"#FFFFFF\"><\/td>\n<td align=\"center\" valign=\"middle\" bgcolor=\"#FFFFFF\"><\/td>\n<td align=\"center\" valign=\"middle\" bgcolor=\"#FFFFFF\"><\/td>\n<\/tr>\n<tr>\n<td colspan=\"11\" align=\"center\" valign=\"middle\" bgcolor=\"#FFFFFF \"><\/td>\n<\/tr>\n<tr>\n<td align=\"center\" valign=\"middle\" bgcolor=\"#FFFFCC\"><strong>24<\/strong><\/td>\n<td align=\"center\" valign=\"middle\" bgcolor=\"#FFFFFF\"><strong>\u00a0<\/strong><\/td>\n<td align=\"center\" valign=\"middle\"><strong>25<\/strong><\/td>\n<td align=\"center\" valign=\"middle\"><strong>\u00a0<\/strong><\/td>\n<td align=\"center\" valign=\"middle\" bgcolor=\"#FFFFCC\"><strong>26<\/strong><\/td>\n<td align=\"center\" valign=\"middle\" bgcolor=\"#FFFFFF\"><strong>\u00a0<\/strong><\/td>\n<td align=\"center\" valign=\"middle\"><strong>27<\/strong><\/td>\n<td align=\"center\" valign=\"middle\"><strong>\u00a0<\/strong><\/td>\n<td align=\"center\" valign=\"middle\" bgcolor=\"#FFFFCC\"><strong>29<\/strong><\/td>\n<td align=\"center\" valign=\"middle\" bgcolor=\"#FFFFFF\"><\/td>\n<td align=\"center\" valign=\"middle\" bgcolor=\"#FFFFFF\"><\/td>\n<\/tr>\n<tr>\n<td align=\"center\" valign=\"middle\" bgcolor=\"#FFFFCC\">\u2191<\/td>\n<td align=\"center\" valign=\"middle\" bgcolor=\"#FFFFFF\"><\/td>\n<td align=\"center\" valign=\"middle\">\u2193<\/td>\n<td align=\"center\" valign=\"middle\"><\/td>\n<td align=\"center\" valign=\"middle\" bgcolor=\"#FFFFCC\">\u2192<\/td>\n<td align=\"center\" valign=\"middle\" bgcolor=\"#FFFFFF\"><\/td>\n<td align=\"center\" valign=\"middle\">\u2190<\/td>\n<td align=\"center\" valign=\"middle\"><\/td>\n<td align=\"center\" valign=\"middle\" bgcolor=\"#FFFFCC\">\u2194<\/td>\n<td align=\"center\" valign=\"middle\" bgcolor=\"#FFFFFF\"><\/td>\n<td align=\"center\" valign=\"middle\" bgcolor=\"#FFFFFF\"><\/td>\n<\/tr>\n<tr>\n<td colspan=\"11\" align=\"center\" valign=\"middle\" bgcolor=\"#FFFFFF \"><\/td>\n<\/tr>\n<tr>\n<td align=\"center\" valign=\"middle\" bgcolor=\"#FFFFCC\"><strong>168<\/strong><\/td>\n<td align=\"center\" valign=\"middle\" bgcolor=\"#FFFFFF\"><strong>\u00a0<\/strong><\/td>\n<td align=\"center\" valign=\"middle\"><strong>173<\/strong><\/td>\n<td align=\"center\" valign=\"middle\"><strong>\u00a0<\/strong><\/td>\n<td align=\"center\" valign=\"middle\" bgcolor=\"#FFFFCC\"><strong>248<\/strong><\/td>\n<td align=\"center\" valign=\"middle\" bgcolor=\"#FFFFFF\"><strong>\u00a0<\/strong><\/td>\n<td align=\"center\" valign=\"middle\"><strong>171<\/strong><\/td>\n<td align=\"center\" valign=\"middle\"><strong>\u00a0<\/strong><\/td>\n<td align=\"center\" valign=\"middle\" bgcolor=\"#FFFFCC\"><strong>172<\/strong><\/td>\n<td align=\"center\" valign=\"middle\" bgcolor=\"#FFFFFF\"><strong>\u00a0<\/strong><\/td>\n<td align=\"center\" valign=\"middle\"><strong>253<\/strong><\/td>\n<\/tr>\n<tr>\n<td align=\"center\" valign=\"middle\" bgcolor=\"#FFFFCC\">\u00bf<\/td>\n<td align=\"center\" valign=\"middle\" bgcolor=\"#FFFFFF\"><\/td>\n<td align=\"center\" valign=\"middle\">\u00a1<\/td>\n<td align=\"center\" valign=\"middle\"><\/td>\n<td align=\"center\" valign=\"middle\" bgcolor=\"#FFFFCC\">\u00b0<\/td>\n<td align=\"center\" valign=\"middle\" bgcolor=\"#FFFFFF\"><\/td>\n<td align=\"center\" valign=\"middle\">\u00bd<\/td>\n<td align=\"center\" valign=\"middle\"><\/td>\n<td align=\"center\" valign=\"middle\" bgcolor=\"#FFFFCC\">\u00bc<\/td>\n<td align=\"center\" valign=\"middle\" bgcolor=\"#FFFFFF\"><\/td>\n<td align=\"center\" valign=\"middle\">\u00b2<\/td>\n<\/tr>\n<tr>\n<td colspan=\"11\" align=\"center\" valign=\"middle\" bgcolor=\"#FFFFFF\"><\/td>\n<\/tr>\n<tr>\n<td align=\"center\" valign=\"middle\" bgcolor=\"#FFFFCC\"><strong>156<\/strong><\/td>\n<td align=\"center\" valign=\"middle\" bgcolor=\"#FFFFFF\"><strong>\u00a0<\/strong><\/td>\n<td align=\"center\" valign=\"middle\"><b>0128<\/b><\/td>\n<td align=\"center\" valign=\"middle\"><\/td>\n<td align=\"center\" valign=\"middle\" bgcolor=\"#FFFFCC\"><strong>174<\/strong><\/td>\n<td align=\"center\" valign=\"middle\" bgcolor=\"#FFFFFF\"><\/td>\n<td align=\"center\" valign=\"middle\"><strong>175<\/strong><\/td>\n<td align=\"center\" valign=\"middle\"><\/td>\n<td align=\"center\" valign=\"middle\" bgcolor=\"#FFFFFF\"><\/td>\n<td align=\"center\" valign=\"middle\" bgcolor=\"#FFFFFF\"><\/td>\n<td align=\"center\" valign=\"middle\" bgcolor=\"#FFFFFF\"><\/td>\n<\/tr>\n<tr>\n<td align=\"center\" valign=\"middle\" bgcolor=\"#FFFFCC\">\u00a3<\/td>\n<td align=\"center\" valign=\"middle\" bgcolor=\"#FFFFFF\"><\/td>\n<td align=\"center\" valign=\"middle\">\u20ac<\/td>\n<td align=\"center\" valign=\"middle\"><\/td>\n<td align=\"center\" valign=\"middle\" bgcolor=\"#FFFFCC\">\u00ab<\/td>\n<td align=\"center\" valign=\"middle\" bgcolor=\"#FFFFFF\"><\/td>\n<td align=\"center\" valign=\"middle\">\u00bb<\/td>\n<td align=\"center\" valign=\"middle\"><\/td>\n<td align=\"center\" valign=\"middle\" bgcolor=\"#FFFFFF\"><\/td>\n<td align=\"center\" valign=\"middle\" bgcolor=\"#FFFFFF\"><\/td>\n<td align=\"center\" valign=\"middle\" bgcolor=\"#FFFFFF\"><\/td>\n<\/tr>\n<\/tbody>\n<\/table>\n","protected":false},"excerpt":{"rendered":"<p>Zo maak je eenvoudig een accent Num-locktoets aan en dan via [alt] [getal] 129 \u00a0 150 \u00a0 151 \u00a0 154 \u00a0 163 \u00fc \u00fb \u00f9 \u00dc \u00fa 139 \u00a0 140 \u00a0 141 \u00a0 161 \u00a0 \u00ef \u00ee \u00ec \u00ed 147 \u00a0 148 \u00a0 149 \u00a0 153 \u00a0 162 228 \u00f4 \u00f6 \u00f2 \u00d6 \u00f3 \u00f5 &hellip;<br \/><a href=\"https:\/\/boeiboek.nl\/?page_id=44\" class=\"more-link pen_button pen_element_default pen_icon_arrow_double\">Ga door met het lezen van <span class=\"screen-reader-text\">Accenten<\/span><\/a><\/p>\n","protected":false},"author":1,"featured_media":0,"parent":0,"menu_order":0,"comment_status":"closed","ping_status":"open","template":"","meta":{"footnotes":""},"class_list":["post-44","page","type-page","status-publish","hentry"],"_links":{"self":[{"href":"https:\/\/boeiboek.nl\/index.php?rest_route=\/wp\/v2\/pages\/44","targetHints":{"allow":["GET"]}}],"collection":[{"href":"https:\/\/boeiboek.nl\/index.php?rest_route=\/wp\/v2\/pages"}],"about":[{"href":"https:\/\/boeiboek.nl\/index.php?rest_route=\/wp\/v2\/types\/page"}],"author":[{"embeddable":true,"href":"https:\/\/boeiboek.nl\/index.php?rest_route=\/wp\/v2\/users\/1"}],"replies":[{"embeddable":true,"href":"https:\/\/boeiboek.nl\/index.php?rest_route=%2Fwp%2Fv2%2Fcomments&post=44"}],"version-history":[{"count":1,"href":"https:\/\/boeiboek.nl\/index.php?rest_route=\/wp\/v2\/pages\/44\/revisions"}],"predecessor-version":[{"id":75,"href":"https:\/\/boeiboek.nl\/index.php?rest_route=\/wp\/v2\/pages\/44\/revisions\/75"}],"wp:attachment":[{"href":"https:\/\/boeiboek.nl\/index.php?rest_route=%2Fwp%2Fv2%2Fmedia&parent=44"}],"curies":[{"name":"wp","href":"https:\/\/api.w.org\/{rel}","templated":true}]}}